{"id":1300,"date":"2024-12-10T19:04:52","date_gmt":"2024-12-10T19:04:52","guid":{"rendered":"https:\/\/floridaglobal.university\/?page_id=1300"},"modified":"2024-12-10T19:16:40","modified_gmt":"2024-12-10T19:16:40","slug":"carta-del-presidente","status":"publish","type":"page","link":"https:\/\/floridaglobal.university\/es\/carta-del-presidente\/","title":{"rendered":"CARTA DEL PRESIDENTE"},"content":{"rendered":"\t\t<div data-elementor-type=\"wp-page\" data-elementor-id=\"1300\" class=\"elementor elementor-1300\" data-elementor-post-type=\"page\">\n\t\t\t\t<div class=\"elementor-element elementor-element-60094d0 e-con-full e-flex e-con e-parent\" data-id=\"60094d0\" data-element_type=\"container\" data-e-type=\"container\">\n\t\t<div class=\"elementor-element elementor-element-d703c4b e-con-full e-flex e-con e-child\" data-id=\"d703c4b\" data-element_type=\"container\" data-e-type=\"container\">\n\t\t\t\t<div class=\"elementor-element elementor-element-07cf5e4 elementor-widget elementor-widget-image\" data-id=\"07cf5e4\" data-element_type=\"widget\" data-e-type=\"widget\" data-widget_type=\"image.default\">\n\t\t\t\t<div class=\"elementor-widget-container\">\n\t\t\t\t\t\t\t\t\t\t\t\t\t\t\t<img fetchpriority=\"high\" decoding=\"async\" width=\"1882\" height=\"2265\" src=\"https:\/\/floridaglobal.university\/wp-content\/uploads\/2024\/12\/rector.png\" class=\"attachment-full size-full wp-image-1303\" alt=\"\" srcset=\"https:\/\/floridaglobal.university\/wp-content\/uploads\/2024\/12\/rector.png 1882w, https:\/\/floridaglobal.university\/wp-content\/uploads\/2024\/12\/rector-249x300.png 249w, https:\/\/floridaglobal.university\/wp-content\/uploads\/2024\/12\/rector-851x1024.png 851w, https:\/\/floridaglobal.university\/wp-content\/uploads\/2024\/12\/rector-768x924.png 768w, https:\/\/floridaglobal.university\/wp-content\/uploads\/2024\/12\/rector-1276x1536.png 1276w, https:\/\/floridaglobal.university\/wp-content\/uploads\/2024\/12\/rector-1702x2048.png 1702w\" sizes=\"(max-width: 1882px) 100vw, 1882px\" \/>\t\t\t\t\t\t\t\t\t\t\t\t\t\t\t<\/div>\n\t\t\t\t<\/div>\n\t\t\t\t<\/div>\n\t\t<div class=\"elementor-element elementor-element-88b6ba7 e-con-full e-flex e-con e-child\" data-id=\"88b6ba7\" data-element_type=\"container\" data-e-type=\"container\">\n\t\t\t\t<div class=\"elementor-element elementor-element-6710a3c elementor-widget elementor-widget-heading\" data-id=\"6710a3c\" data-element_type=\"widget\" data-e-type=\"widget\" data-widget_type=\"heading.default\">\n\t\t\t\t<div class=\"elementor-widget-container\">\n\t\t\t\t\t<h2 class=\"elementor-heading-title elementor-size-default\">UN MENSAJE DEL PRESIDENTE<\/h2>\t\t\t\t<\/div>\n\t\t\t\t<\/div>\n\t\t\t\t<div class=\"elementor-element elementor-element-201d92d elementor-widget elementor-widget-heading\" data-id=\"201d92d\" data-element_type=\"widget\" data-e-type=\"widget\" data-widget_type=\"heading.default\">\n\t\t\t\t<div class=\"elementor-widget-container\">\n\t\t\t\t\t<h2 class=\"elementor-heading-title elementor-size-default\">Dr. Jos\u00e9 Gerardo\nGuarisma Jr.<\/h2>\t\t\t\t<\/div>\n\t\t\t\t<\/div>\n\t\t\t\t<div class=\"elementor-element elementor-element-52dd720 elementor-widget elementor-widget-text-editor\" data-id=\"52dd720\" data-element_type=\"widget\" data-e-type=\"widget\" data-widget_type=\"text-editor.default\">\n\t\t\t\t<div class=\"elementor-widget-container\">\n\t\t\t\t\t\t\t\t\t<p>Me es sumamente grato darles la m\u00e1s cordial bienvenida a Florida Global University (FGU). Nuestra misi\u00f3n. T\u00fa futuro.<\/p><p>Nuestra universidad se honra al elegirnos como opci\u00f3n para su formaci\u00f3n y desarrollo profesional, y desde ya, estamos disponibles para acompa\u00f1arlos en esta excelente decisi\u00f3n de invertir en un futuro de \u00e9xito.<\/p><p>FGU fue fundada el 13 de agosto de 2004 como una Instituci\u00f3n de Educaci\u00f3n Superior norteamericana 100% a Distancia.<\/p><p>Nuestro desarrollo curricular y plataforma tecnol\u00f3gica, nos distingue con ventajas comparativas y competitivas, ante otros sistemas educativos.<\/p><p>Contamos con un Faculty con estudio de postgrado y experiencia profesional, generando actividades de formaci\u00f3n interactivas y actualizadas.<\/p><p>FGU esta en constante evoluci\u00f3n y muestra de ello es nuestra reci\u00e9n Acreditaci\u00f3n Internacional con ASIC de Reino Unido, distingui\u00e9ndonos como Premier Institution, logrando la consolidaci\u00f3n de una cultura de modelos de calidad y de excelencia; de programaci\u00f3n y evaluaci\u00f3n constante que nos faciliten la labor de ocuparnos del n\u00facleo de nuestra misi\u00f3n: la formaci\u00f3n integral de nuestros alumnos.<\/p><p>Como ha sido un lema de nuestros fundadores y lema de vida\u2026 nunca te rindas. Sigamos adelante en el sendero de la excelencia profesional.<\/p>\t\t\t\t\t\t\t\t<\/div>\n\t\t\t\t<\/div>\n\t\t\t\t<div class=\"elementor-element elementor-element-b795b8e elementor-widget elementor-widget-image\" data-id=\"b795b8e\" data-element_type=\"widget\" data-e-type=\"widget\" data-widget_type=\"image.default\">\n\t\t\t\t<div class=\"elementor-widget-container\">\n\t\t\t\t\t\t\t\t\t\t\t\t\t\t\t<img decoding=\"async\" width=\"3193\" height=\"867\" src=\"https:\/\/floridaglobal.university\/wp-content\/uploads\/2024\/12\/firmar_rector.png\" class=\"attachment-full size-full wp-image-1304\" alt=\"\" srcset=\"https:\/\/floridaglobal.university\/wp-content\/uploads\/2024\/12\/firmar_rector.png 3193w, https:\/\/floridaglobal.university\/wp-content\/uploads\/2024\/12\/firmar_rector-300x81.png 300w, https:\/\/floridaglobal.university\/wp-content\/uploads\/2024\/12\/firmar_rector-1024x278.png 1024w, https:\/\/floridaglobal.university\/wp-content\/uploads\/2024\/12\/firmar_rector-768x209.png 768w, https:\/\/floridaglobal.university\/wp-content\/uploads\/2024\/12\/firmar_rector-1536x417.png 1536w, https:\/\/floridaglobal.university\/wp-content\/uploads\/2024\/12\/firmar_rector-2048x556.png 2048w\" sizes=\"(max-width: 3193px) 100vw, 3193px\" \/>\t\t\t\t\t\t\t\t\t\t\t\t\t\t\t<\/div>\n\t\t\t\t<\/div>\n\t\t\t\t<\/div>\n\t\t\t\t<\/div>\n\t\t\t\t<\/div>\n\t\t","protected":false},"excerpt":{"rendered":"<p>UN MENSAJE DEL PRESIDENTE Dr. Jos\u00e9 Gerardo Guarisma Jr. Me es sumamente grato darles la m\u00e1s cordial bienvenida a Florida Global University (FGU). Nuestra misi\u00f3n. T\u00fa futuro. Nuestra universidad se honra al elegirnos como opci\u00f3n para su formaci\u00f3n y desarrollo profesional, y desde ya, estamos disponibles para acompa\u00f1arlos en esta excelente decisi\u00f3n de invertir en [&hellip;]<\/p>\n","protected":false},"author":2,"featured_media":0,"parent":0,"menu_order":0,"comment_status":"closed","ping_status":"closed","template":"elementor_header_footer","meta":{"footnotes":""},"class_list":["post-1300","page","type-page","status-publish","hentry"],"yoast_head":"<!-- This site is optimized with the Yoast SEO plugin v27.4 - https:\/\/yoast.com\/product\/yoast-seo-wordpress\/ -->\n<title>CARTA DEL PRESIDENTE - Florida Global University<\/title>\n<meta name=\"robots\" content=\"index, follow, max-snippet:-1, max-image-preview:large, max-video-preview:-1\" \/>\n<link rel=\"canonical\" href=\"https:\/\/floridaglobal.university\/es\/carta-del-presidente\/\" \/>\n<meta property=\"og:locale\" content=\"es_ES\" \/>\n<meta property=\"og:type\" content=\"article\" \/>\n<meta property=\"og:title\" content=\"CARTA DEL PRESIDENTE - Florida Global University\" \/>\n<meta property=\"og:description\" content=\"UN MENSAJE DEL PRESIDENTE Dr. Jos\u00e9 Gerardo Guarisma Jr. Me es sumamente grato darles la m\u00e1s cordial bienvenida a Florida Global University (FGU). Nuestra misi\u00f3n. T\u00fa futuro. Nuestra universidad se honra al elegirnos como opci\u00f3n para su formaci\u00f3n y desarrollo profesional, y desde ya, estamos disponibles para acompa\u00f1arlos en esta excelente decisi\u00f3n de invertir en [&hellip;]\" \/>\n<meta property=\"og:url\" content=\"https:\/\/floridaglobal.university\/es\/carta-del-presidente\/\" \/>\n<meta property=\"og:site_name\" content=\"Florida Global University\" \/>\n<meta property=\"article:modified_time\" content=\"2024-12-10T19:16:40+00:00\" \/>\n<meta property=\"og:image\" content=\"https:\/\/floridaglobal.university\/wp-content\/uploads\/2024\/12\/rector.png\" \/>\n<meta name=\"twitter:card\" content=\"summary_large_image\" \/>\n<meta name=\"twitter:label1\" content=\"Tiempo de lectura\" \/>\n\t<meta name=\"twitter:data1\" content=\"2 minutos\" \/>\n<script type=\"application\/ld+json\" class=\"yoast-schema-graph\">{\"@context\":\"https:\\\/\\\/schema.org\",\"@graph\":[{\"@type\":\"WebPage\",\"@id\":\"https:\\\/\\\/floridaglobal.university\\\/es\\\/carta-del-presidente\\\/\",\"url\":\"https:\\\/\\\/floridaglobal.university\\\/es\\\/carta-del-presidente\\\/\",\"name\":\"CARTA DEL PRESIDENTE - Florida Global University\",\"isPartOf\":{\"@id\":\"https:\\\/\\\/floridaglobal.university\\\/es\\\/#website\"},\"primaryImageOfPage\":{\"@id\":\"https:\\\/\\\/floridaglobal.university\\\/es\\\/carta-del-presidente\\\/#primaryimage\"},\"image\":{\"@id\":\"https:\\\/\\\/floridaglobal.university\\\/es\\\/carta-del-presidente\\\/#primaryimage\"},\"thumbnailUrl\":\"https:\\\/\\\/floridaglobal.university\\\/wp-content\\\/uploads\\\/2024\\\/12\\\/rector.png\",\"datePublished\":\"2024-12-10T19:04:52+00:00\",\"dateModified\":\"2024-12-10T19:16:40+00:00\",\"breadcrumb\":{\"@id\":\"https:\\\/\\\/floridaglobal.university\\\/es\\\/carta-del-presidente\\\/#breadcrumb\"},\"inLanguage\":\"es\",\"potentialAction\":[{\"@type\":\"ReadAction\",\"target\":[\"https:\\\/\\\/floridaglobal.university\\\/es\\\/carta-del-presidente\\\/\"]}]},{\"@type\":\"ImageObject\",\"inLanguage\":\"es\",\"@id\":\"https:\\\/\\\/floridaglobal.university\\\/es\\\/carta-del-presidente\\\/#primaryimage\",\"url\":\"https:\\\/\\\/floridaglobal.university\\\/wp-content\\\/uploads\\\/2024\\\/12\\\/rector.png\",\"contentUrl\":\"https:\\\/\\\/floridaglobal.university\\\/wp-content\\\/uploads\\\/2024\\\/12\\\/rector.png\"},{\"@type\":\"BreadcrumbList\",\"@id\":\"https:\\\/\\\/floridaglobal.university\\\/es\\\/carta-del-presidente\\\/#breadcrumb\",\"itemListElement\":[{\"@type\":\"ListItem\",\"position\":1,\"name\":\"Portada\",\"item\":\"https:\\\/\\\/floridaglobal.university\\\/es\\\/\"},{\"@type\":\"ListItem\",\"position\":2,\"name\":\"CARTA DEL PRESIDENTE\"}]},{\"@type\":\"WebSite\",\"@id\":\"https:\\\/\\\/floridaglobal.university\\\/es\\\/#website\",\"url\":\"https:\\\/\\\/floridaglobal.university\\\/es\\\/\",\"name\":\"Florida Global University\",\"description\":\"\",\"publisher\":{\"@id\":\"https:\\\/\\\/floridaglobal.university\\\/es\\\/#organization\"},\"potentialAction\":[{\"@type\":\"SearchAction\",\"target\":{\"@type\":\"EntryPoint\",\"urlTemplate\":\"https:\\\/\\\/floridaglobal.university\\\/es\\\/?s={search_term_string}\"},\"query-input\":{\"@type\":\"PropertyValueSpecification\",\"valueRequired\":true,\"valueName\":\"search_term_string\"}}],\"inLanguage\":\"es\"},{\"@type\":\"Organization\",\"@id\":\"https:\\\/\\\/floridaglobal.university\\\/es\\\/#organization\",\"name\":\"Florida Global University\",\"url\":\"https:\\\/\\\/floridaglobal.university\\\/es\\\/\",\"logo\":{\"@type\":\"ImageObject\",\"inLanguage\":\"es\",\"@id\":\"https:\\\/\\\/floridaglobal.university\\\/es\\\/#\\\/schema\\\/logo\\\/image\\\/\",\"url\":\"https:\\\/\\\/floridaglobal.university\\\/wp-content\\\/uploads\\\/2025\\\/08\\\/logoFguBlanco.png\",\"contentUrl\":\"https:\\\/\\\/floridaglobal.university\\\/wp-content\\\/uploads\\\/2025\\\/08\\\/logoFguBlanco.png\",\"width\":2560,\"height\":845,\"caption\":\"Florida Global University\"},\"image\":{\"@id\":\"https:\\\/\\\/floridaglobal.university\\\/es\\\/#\\\/schema\\\/logo\\\/image\\\/\"}}]}<\/script>\n<!-- \/ Yoast SEO plugin. -->","yoast_head_json":{"title":"CARTA DEL PRESIDENTE - Florida Global University","robots":{"index":"index","follow":"follow","max-snippet":"max-snippet:-1","max-image-preview":"max-image-preview:large","max-video-preview":"max-video-preview:-1"},"canonical":"https:\/\/floridaglobal.university\/es\/carta-del-presidente\/","og_locale":"es_ES","og_type":"article","og_title":"CARTA DEL PRESIDENTE - Florida Global University","og_description":"UN MENSAJE DEL PRESIDENTE Dr. Jos\u00e9 Gerardo Guarisma Jr. Me es sumamente grato darles la m\u00e1s cordial bienvenida a Florida Global University (FGU). Nuestra misi\u00f3n. T\u00fa futuro. Nuestra universidad se honra al elegirnos como opci\u00f3n para su formaci\u00f3n y desarrollo profesional, y desde ya, estamos disponibles para acompa\u00f1arlos en esta excelente decisi\u00f3n de invertir en [&hellip;]","og_url":"https:\/\/floridaglobal.university\/es\/carta-del-presidente\/","og_site_name":"Florida Global University","article_modified_time":"2024-12-10T19:16:40+00:00","og_image":[{"url":"https:\/\/floridaglobal.university\/wp-content\/uploads\/2024\/12\/rector.png","type":"","width":"","height":""}],"twitter_card":"summary_large_image","twitter_misc":{"Tiempo de lectura":"2 minutos"},"schema":{"@context":"https:\/\/schema.org","@graph":[{"@type":"WebPage","@id":"https:\/\/floridaglobal.university\/es\/carta-del-presidente\/","url":"https:\/\/floridaglobal.university\/es\/carta-del-presidente\/","name":"CARTA DEL PRESIDENTE - Florida Global University","isPartOf":{"@id":"https:\/\/floridaglobal.university\/es\/#website"},"primaryImageOfPage":{"@id":"https:\/\/floridaglobal.university\/es\/carta-del-presidente\/#primaryimage"},"image":{"@id":"https:\/\/floridaglobal.university\/es\/carta-del-presidente\/#primaryimage"},"thumbnailUrl":"https:\/\/floridaglobal.university\/wp-content\/uploads\/2024\/12\/rector.png","datePublished":"2024-12-10T19:04:52+00:00","dateModified":"2024-12-10T19:16:40+00:00","breadcrumb":{"@id":"https:\/\/floridaglobal.university\/es\/carta-del-presidente\/#breadcrumb"},"inLanguage":"es","potentialAction":[{"@type":"ReadAction","target":["https:\/\/floridaglobal.university\/es\/carta-del-presidente\/"]}]},{"@type":"ImageObject","inLanguage":"es","@id":"https:\/\/floridaglobal.university\/es\/carta-del-presidente\/#primaryimage","url":"https:\/\/floridaglobal.university\/wp-content\/uploads\/2024\/12\/rector.png","contentUrl":"https:\/\/floridaglobal.university\/wp-content\/uploads\/2024\/12\/rector.png"},{"@type":"BreadcrumbList","@id":"https:\/\/floridaglobal.university\/es\/carta-del-presidente\/#breadcrumb","itemListElement":[{"@type":"ListItem","position":1,"name":"Portada","item":"https:\/\/floridaglobal.university\/es\/"},{"@type":"ListItem","position":2,"name":"CARTA DEL PRESIDENTE"}]},{"@type":"WebSite","@id":"https:\/\/floridaglobal.university\/es\/#website","url":"https:\/\/floridaglobal.university\/es\/","name":"Florida Global University","description":"","publisher":{"@id":"https:\/\/floridaglobal.university\/es\/#organization"},"potentialAction":[{"@type":"SearchAction","target":{"@type":"EntryPoint","urlTemplate":"https:\/\/floridaglobal.university\/es\/?s={search_term_string}"},"query-input":{"@type":"PropertyValueSpecification","valueRequired":true,"valueName":"search_term_string"}}],"inLanguage":"es"},{"@type":"Organization","@id":"https:\/\/floridaglobal.university\/es\/#organization","name":"Florida Global University","url":"https:\/\/floridaglobal.university\/es\/","logo":{"@type":"ImageObject","inLanguage":"es","@id":"https:\/\/floridaglobal.university\/es\/#\/schema\/logo\/image\/","url":"https:\/\/floridaglobal.university\/wp-content\/uploads\/2025\/08\/logoFguBlanco.png","contentUrl":"https:\/\/floridaglobal.university\/wp-content\/uploads\/2025\/08\/logoFguBlanco.png","width":2560,"height":845,"caption":"Florida Global University"},"image":{"@id":"https:\/\/floridaglobal.university\/es\/#\/schema\/logo\/image\/"}}]}},"_links":{"self":[{"href":"https:\/\/floridaglobal.university\/es\/wp-json\/wp\/v2\/pages\/1300","targetHints":{"allow":["GET"]}}],"collection":[{"href":"https:\/\/floridaglobal.university\/es\/wp-json\/wp\/v2\/pages"}],"about":[{"href":"https:\/\/floridaglobal.university\/es\/wp-json\/wp\/v2\/types\/page"}],"author":[{"embeddable":true,"href":"https:\/\/floridaglobal.university\/es\/wp-json\/wp\/v2\/users\/2"}],"replies":[{"embeddable":true,"href":"https:\/\/floridaglobal.university\/es\/wp-json\/wp\/v2\/comments?post=1300"}],"version-history":[{"count":13,"href":"https:\/\/floridaglobal.university\/es\/wp-json\/wp\/v2\/pages\/1300\/revisions"}],"predecessor-version":[{"id":1316,"href":"https:\/\/floridaglobal.university\/es\/wp-json\/wp\/v2\/pages\/1300\/revisions\/1316"}],"wp:attachment":[{"href":"https:\/\/floridaglobal.university\/es\/wp-json\/wp\/v2\/media?parent=1300"}],"curies":[{"name":"wp","href":"https:\/\/api.w.org\/{rel}","templated":true}]}}