{"id":1317,"date":"2024-12-10T19:17:49","date_gmt":"2024-12-10T19:17:49","guid":{"rendered":"https:\/\/floridaglobal.university\/?page_id=1317"},"modified":"2026-01-07T19:56:53","modified_gmt":"2026-01-07T19:56:53","slug":"licencia","status":"publish","type":"page","link":"https:\/\/floridaglobal.university\/es\/licencia\/","title":{"rendered":"LICENCIAS"},"content":{"rendered":"\t\t<div data-elementor-type=\"wp-page\" data-elementor-id=\"1317\" class=\"elementor elementor-1317\" data-elementor-post-type=\"page\">\n\t\t\t\t<div class=\"elementor-element elementor-element-5162e8e e-flex e-con-boxed e-con e-parent\" data-id=\"5162e8e\" data-element_type=\"container\" data-e-type=\"container\" data-settings=\"{&quot;background_background&quot;:&quot;classic&quot;}\">\n\t\t\t\t\t<div class=\"e-con-inner\">\n\t\t\t\t<div class=\"elementor-element elementor-element-26881cd elementor-widget elementor-widget-heading\" data-id=\"26881cd\" data-element_type=\"widget\" data-e-type=\"widget\" data-widget_type=\"heading.default\">\n\t\t\t\t<div class=\"elementor-widget-container\">\n\t\t\t\t\t<h2 class=\"elementor-heading-title elementor-size-default\">Licencia Oficial<\/h2>\t\t\t\t<\/div>\n\t\t\t\t<\/div>\n\t\t\t\t\t<\/div>\n\t\t\t\t<\/div>\n\t\t<div class=\"elementor-element elementor-element-f060d8c e-flex e-con-boxed e-con e-parent\" data-id=\"f060d8c\" data-element_type=\"container\" data-e-type=\"container\">\n\t\t\t\t\t<div class=\"e-con-inner\">\n\t\t<div class=\"elementor-element elementor-element-f479812 e-con-full e-flex e-con e-child\" data-id=\"f479812\" data-element_type=\"container\" data-e-type=\"container\">\n\t\t\t\t<div class=\"elementor-element elementor-element-aed3b2c elementor-widget__width-initial elementor-widget-tablet__width-initial elementor-widget elementor-widget-text-editor\" data-id=\"aed3b2c\" data-element_type=\"widget\" data-e-type=\"widget\" data-widget_type=\"text-editor.default\">\n\t\t\t\t<div class=\"elementor-widget-container\">\n\t\t\t\t\t\t\t\t\t<p>Para consultas sobre detalles y legalidad de la Licencia #3180 que faculta a FGU para otorgar t\u00edtulos profesionales oficiales de Licenciaturas, Maestr\u00edas y Doctorados en los Estados Unidos; puede establecer contacto con la Commission for Independent Education del Departamento de Educacion de la Florida: 325 West Gaines Street, Suite 1414, Tallahassee, FL 32399. Tel\u00e9fono: 850.245.3200, o llamada gratuita al 888.224.6684<\/p>\t\t\t\t\t\t\t\t<\/div>\n\t\t\t\t<\/div>\n\t\t\t\t<\/div>\n\t\t<div class=\"elementor-element elementor-element-bbaa177 e-con-full e-flex e-con e-child\" data-id=\"bbaa177\" data-element_type=\"container\" data-e-type=\"container\">\n\t\t\t\t<div class=\"elementor-element elementor-element-9fdc377 elementor-widget elementor-widget-text-editor\" data-id=\"9fdc377\" data-element_type=\"widget\" data-e-type=\"widget\" data-widget_type=\"text-editor.default\">\n\t\t\t\t<div class=\"elementor-widget-container\">\n\t\t\t\t\t\t\t\t\t<p>Todos los documentos oficiales en USA son publicos; por lo que ud. puede realizar la consulta en la p\u00e1gina oficial de la Comisi\u00f3n para la Educaci\u00f3n Independiente (CIE) del Departamento de Educaci\u00f3n de la Florida<\/p>\t\t\t\t\t\t\t\t<\/div>\n\t\t\t\t<\/div>\n\t\t\t\t<\/div>\n\t\t\t\t\t<\/div>\n\t\t\t\t<\/div>\n\t\t<div class=\"elementor-element elementor-element-5fd1d5a e-flex e-con-boxed e-con e-parent\" data-id=\"5fd1d5a\" data-element_type=\"container\" data-e-type=\"container\" data-settings=\"{&quot;background_background&quot;:&quot;classic&quot;}\">\n\t\t\t\t\t<div class=\"e-con-inner\">\n\t\t<div class=\"elementor-element elementor-element-9eeaa00 e-con-full e-flex e-con e-child\" data-id=\"9eeaa00\" data-element_type=\"container\" data-e-type=\"container\">\n\t\t\t\t<div class=\"elementor-element elementor-element-8c6f8ba elementor-widget elementor-widget-image\" data-id=\"8c6f8ba\" data-element_type=\"widget\" data-e-type=\"widget\" data-widget_type=\"image.default\">\n\t\t\t\t<div class=\"elementor-widget-container\">\n\t\t\t\t\t\t\t\t\t\t\t\t\t\t\t\t<a href=\"https:\/\/floridaglobal.university\/wp-content\/uploads\/2025\/09\/3180-2025-09-11-License.jpg\" data-elementor-open-lightbox=\"yes\" data-elementor-lightbox-title=\"3180-2025-09-11-License\" data-e-action-hash=\"#elementor-action%3Aaction%3Dlightbox%26settings%3DeyJpZCI6NDEzNSwidXJsIjoiaHR0cHM6XC9cL2Zsb3JpZGFnbG9iYWwudW5pdmVyc2l0eVwvd3AtY29udGVudFwvdXBsb2Fkc1wvMjAyNVwvMDlcLzMxODAtMjAyNS0wOS0xMS1MaWNlbnNlLmpwZyJ9\">\n\t\t\t\t\t\t\t<img fetchpriority=\"high\" decoding=\"async\" width=\"2200\" height=\"1700\" src=\"https:\/\/floridaglobal.university\/wp-content\/uploads\/2025\/09\/3180-2025-09-11-License.jpg\" class=\"attachment-full size-full wp-image-4135\" alt=\"\" srcset=\"https:\/\/floridaglobal.university\/wp-content\/uploads\/2025\/09\/3180-2025-09-11-License.jpg 2200w, https:\/\/floridaglobal.university\/wp-content\/uploads\/2025\/09\/3180-2025-09-11-License-300x232.jpg 300w, https:\/\/floridaglobal.university\/wp-content\/uploads\/2025\/09\/3180-2025-09-11-License-1024x791.jpg 1024w, https:\/\/floridaglobal.university\/wp-content\/uploads\/2025\/09\/3180-2025-09-11-License-768x593.jpg 768w, https:\/\/floridaglobal.university\/wp-content\/uploads\/2025\/09\/3180-2025-09-11-License-1536x1187.jpg 1536w, https:\/\/floridaglobal.university\/wp-content\/uploads\/2025\/09\/3180-2025-09-11-License-2048x1583.jpg 2048w\" sizes=\"(max-width: 2200px) 100vw, 2200px\" \/>\t\t\t\t\t\t\t\t<\/a>\n\t\t\t\t\t\t\t\t\t\t\t\t\t\t\t<\/div>\n\t\t\t\t<\/div>\n\t\t\t\t<\/div>\n\t\t<div class=\"elementor-element elementor-element-fcea967 e-con-full e-flex e-con e-child\" data-id=\"fcea967\" data-element_type=\"container\" data-e-type=\"container\">\n\t\t\t\t<div class=\"elementor-element elementor-element-877d9f1 elementor-widget elementor-widget-image\" data-id=\"877d9f1\" data-element_type=\"widget\" data-e-type=\"widget\" data-widget_type=\"image.default\">\n\t\t\t\t<div class=\"elementor-widget-container\">\n\t\t\t\t\t\t\t\t\t\t\t\t\t\t\t\t<a href=\"https:\/\/floridaglobal.university\/wp-content\/uploads\/2025\/09\/3180-2025-09-11-AnnualLicenseApproval.jpg\" data-elementor-open-lightbox=\"yes\" data-elementor-lightbox-title=\"3180-2025-09-11-AnnualLicenseApproval\" data-e-action-hash=\"#elementor-action%3Aaction%3Dlightbox%26settings%3DeyJpZCI6NDEzMSwidXJsIjoiaHR0cHM6XC9cL2Zsb3JpZGFnbG9iYWwudW5pdmVyc2l0eVwvd3AtY29udGVudFwvdXBsb2Fkc1wvMjAyNVwvMDlcLzMxODAtMjAyNS0wOS0xMS1Bbm51YWxMaWNlbnNlQXBwcm92YWwuanBnIn0%3D\">\n\t\t\t\t\t\t\t<img decoding=\"async\" width=\"1700\" height=\"2200\" src=\"https:\/\/floridaglobal.university\/wp-content\/uploads\/2025\/09\/3180-2025-09-11-AnnualLicenseApproval.jpg\" class=\"attachment-full size-full wp-image-4131\" alt=\"\" srcset=\"https:\/\/floridaglobal.university\/wp-content\/uploads\/2025\/09\/3180-2025-09-11-AnnualLicenseApproval.jpg 1700w, https:\/\/floridaglobal.university\/wp-content\/uploads\/2025\/09\/3180-2025-09-11-AnnualLicenseApproval-232x300.jpg 232w, https:\/\/floridaglobal.university\/wp-content\/uploads\/2025\/09\/3180-2025-09-11-AnnualLicenseApproval-791x1024.jpg 791w, https:\/\/floridaglobal.university\/wp-content\/uploads\/2025\/09\/3180-2025-09-11-AnnualLicenseApproval-768x994.jpg 768w, https:\/\/floridaglobal.university\/wp-content\/uploads\/2025\/09\/3180-2025-09-11-AnnualLicenseApproval-1187x1536.jpg 1187w, https:\/\/floridaglobal.university\/wp-content\/uploads\/2025\/09\/3180-2025-09-11-AnnualLicenseApproval-1583x2048.jpg 1583w\" sizes=\"(max-width: 1700px) 100vw, 1700px\" \/>\t\t\t\t\t\t\t\t<\/a>\n\t\t\t\t\t\t\t\t\t\t\t\t\t\t\t<\/div>\n\t\t\t\t<\/div>\n\t\t\t\t<\/div>\n\t\t<div class=\"elementor-element elementor-element-6425fcf e-con-full e-flex e-con e-child\" data-id=\"6425fcf\" data-element_type=\"container\" data-e-type=\"container\">\n\t\t\t\t<div class=\"elementor-element elementor-element-69f21a9 elementor-widget elementor-widget-image\" data-id=\"69f21a9\" data-element_type=\"widget\" data-e-type=\"widget\" data-widget_type=\"image.default\">\n\t\t\t\t<div class=\"elementor-widget-container\">\n\t\t\t\t\t\t\t\t\t\t\t\t\t\t\t\t<a href=\"https:\/\/floridaglobal.university\/wp-content\/uploads\/2026\/01\/3180Approved-Data-20260107.jpg\" data-elementor-open-lightbox=\"yes\" data-elementor-lightbox-title=\"3180Approved Data 20260107\" data-e-action-hash=\"#elementor-action%3Aaction%3Dlightbox%26settings%3DeyJpZCI6NDQwMSwidXJsIjoiaHR0cHM6XC9cL2Zsb3JpZGFnbG9iYWwudW5pdmVyc2l0eVwvd3AtY29udGVudFwvdXBsb2Fkc1wvMjAyNlwvMDFcLzMxODBBcHByb3ZlZC1EYXRhLTIwMjYwMTA3LmpwZyJ9\">\n\t\t\t\t\t\t\t<img decoding=\"async\" width=\"1275\" height=\"1650\" src=\"https:\/\/floridaglobal.university\/wp-content\/uploads\/2026\/01\/3180Approved-Data-20260107.jpg\" class=\"attachment-full size-full wp-image-4401\" alt=\"\" srcset=\"https:\/\/floridaglobal.university\/wp-content\/uploads\/2026\/01\/3180Approved-Data-20260107.jpg 1275w, https:\/\/floridaglobal.university\/wp-content\/uploads\/2026\/01\/3180Approved-Data-20260107-232x300.jpg 232w, https:\/\/floridaglobal.university\/wp-content\/uploads\/2026\/01\/3180Approved-Data-20260107-791x1024.jpg 791w, https:\/\/floridaglobal.university\/wp-content\/uploads\/2026\/01\/3180Approved-Data-20260107-768x994.jpg 768w, https:\/\/floridaglobal.university\/wp-content\/uploads\/2026\/01\/3180Approved-Data-20260107-1187x1536.jpg 1187w\" sizes=\"(max-width: 1275px) 100vw, 1275px\" \/>\t\t\t\t\t\t\t\t<\/a>\n\t\t\t\t\t\t\t\t\t\t\t\t\t\t\t<\/div>\n\t\t\t\t<\/div>\n\t\t\t\t<\/div>\n\t\t\t\t\t<\/div>\n\t\t\t\t<\/div>\n\t\t<div class=\"elementor-element elementor-element-c410372 e-flex e-con-boxed e-con e-parent\" data-id=\"c410372\" data-element_type=\"container\" data-e-type=\"container\">\n\t\t\t\t\t<div class=\"e-con-inner\">\n\t\t<div class=\"elementor-element elementor-element-c1e948b e-con-full e-flex e-con e-child\" data-id=\"c1e948b\" data-element_type=\"container\" data-e-type=\"container\">\n\t\t\t\t<div class=\"elementor-element elementor-element-eb74d6a elementor-align-left elementor-widget elementor-widget-button\" data-id=\"eb74d6a\" data-element_type=\"widget\" data-e-type=\"widget\" data-widget_type=\"button.default\">\n\t\t\t\t<div class=\"elementor-widget-container\">\n\t\t\t\t\t\t\t\t\t<div class=\"elementor-button-wrapper\">\n\t\t\t\t\t<a class=\"elementor-button elementor-button-link elementor-size-sm\" href=\"https:\/\/web02.fldoe.org\/CIE\/SearchSchools\/SchoolSearchDetail.aspx?schoolID=3180\" target=\"_blank\">\n\t\t\t\t\t\t<span class=\"elementor-button-content-wrapper\">\n\t\t\t\t\t\t\t\t\t<span class=\"elementor-button-text\">VER LICENCIA - LINK OFICIAL<\/span>\n\t\t\t\t\t<\/span>\n\t\t\t\t\t<\/a>\n\t\t\t\t<\/div>\n\t\t\t\t\t\t\t\t<\/div>\n\t\t\t\t<\/div>\n\t\t\t\t<div class=\"elementor-element elementor-element-737f8bb elementor-widget__width-initial elementor-widget-mobile__width-initial elementor-widget elementor-widget-text-editor\" data-id=\"737f8bb\" data-element_type=\"widget\" data-e-type=\"widget\" data-widget_type=\"text-editor.default\">\n\t\t\t\t<div class=\"elementor-widget-container\">\n\t\t\t\t\t\t\t\t\t<p>Este enlace dirige al sitio web oficial de la Comisi\u00f3n de Educaci\u00f3n de Florida (FLDOE). Debido a restricciones geogr\u00e1ficas, es posible que el acceso a este sitio web est\u00e9 limitado en algunos pa\u00edses. Si usted tiene problemas para acceder al contenido, le recomendamos probar utilizar una Red Privada Virtual (VPN) \u00f3 ver el siguiente video<\/p>\t\t\t\t\t\t\t\t<\/div>\n\t\t\t\t<\/div>\n\t\t\t\t<\/div>\n\t\t<div class=\"elementor-element elementor-element-43c39e8 e-con-full e-flex e-con e-child\" data-id=\"43c39e8\" data-element_type=\"container\" data-e-type=\"container\">\n\t\t\t\t<div class=\"elementor-element elementor-element-99fd7c0 elementor-widget elementor-widget-video\" data-id=\"99fd7c0\" data-element_type=\"widget\" data-e-type=\"widget\" data-settings=\"{&quot;youtube_url&quot;:&quot;https:\\\/\\\/youtu.be\\\/kyObhvgpOiM&quot;,&quot;video_type&quot;:&quot;youtube&quot;,&quot;controls&quot;:&quot;yes&quot;}\" data-widget_type=\"video.default\">\n\t\t\t\t<div class=\"elementor-widget-container\">\n\t\t\t\t\t\t\t<div class=\"elementor-wrapper elementor-open-inline\">\n\t\t\t<div class=\"elementor-video\"><\/div>\t\t<\/div>\n\t\t\t\t\t\t<\/div>\n\t\t\t\t<\/div>\n\t\t\t\t<\/div>\n\t\t\t\t\t<\/div>\n\t\t\t\t<\/div>\n\t\t\t\t<\/div>\n\t\t","protected":false},"excerpt":{"rendered":"<p>Licencia Oficial Para consultas sobre detalles y legalidad de la Licencia #3180 que faculta a FGU para otorgar t\u00edtulos profesionales oficiales de Licenciaturas, Maestr\u00edas y Doctorados en los Estados Unidos; puede establecer contacto con la Commission for Independent Education del Departamento de Educacion de la Florida: 325 West Gaines Street, Suite 1414, Tallahassee, FL 32399. [&hellip;]<\/p>\n","protected":false},"author":2,"featured_media":0,"parent":0,"menu_order":0,"comment_status":"closed","ping_status":"closed","template":"elementor_header_footer","meta":{"footnotes":""},"class_list":["post-1317","page","type-page","status-publish","hentry"],"yoast_head":"<!-- This site is optimized with the Yoast SEO plugin v27.4 - https:\/\/yoast.com\/product\/yoast-seo-wordpress\/ -->\n<title>LICENCIAS - Florida Global University<\/title>\n<meta name=\"robots\" content=\"index, follow, max-snippet:-1, max-image-preview:large, max-video-preview:-1\" \/>\n<link rel=\"canonical\" href=\"https:\/\/floridaglobal.university\/es\/licencia\/\" \/>\n<meta property=\"og:locale\" content=\"es_ES\" \/>\n<meta property=\"og:type\" content=\"article\" \/>\n<meta property=\"og:title\" content=\"LICENCIAS - Florida Global University\" \/>\n<meta property=\"og:description\" content=\"Licencia Oficial Para consultas sobre detalles y legalidad de la Licencia #3180 que faculta a FGU para otorgar t\u00edtulos profesionales oficiales de Licenciaturas, Maestr\u00edas y Doctorados en los Estados Unidos; puede establecer contacto con la Commission for Independent Education del Departamento de Educacion de la Florida: 325 West Gaines Street, Suite 1414, Tallahassee, FL 32399. [&hellip;]\" \/>\n<meta property=\"og:url\" content=\"https:\/\/floridaglobal.university\/es\/licencia\/\" \/>\n<meta property=\"og:site_name\" content=\"Florida Global University\" \/>\n<meta property=\"article:modified_time\" content=\"2026-01-07T19:56:53+00:00\" \/>\n<meta property=\"og:image\" content=\"https:\/\/floridaglobal.university\/wp-content\/uploads\/2025\/09\/3180-2025-09-11-License.jpg\" \/>\n\t<meta property=\"og:image:width\" content=\"2200\" \/>\n\t<meta property=\"og:image:height\" content=\"1700\" \/>\n\t<meta property=\"og:image:type\" content=\"image\/jpeg\" \/>\n<meta name=\"twitter:card\" content=\"summary_large_image\" \/>\n<meta name=\"twitter:label1\" content=\"Tiempo de lectura\" \/>\n\t<meta name=\"twitter:data1\" content=\"2 minutos\" \/>\n<script type=\"application\/ld+json\" class=\"yoast-schema-graph\">{\"@context\":\"https:\\\/\\\/schema.org\",\"@graph\":[{\"@type\":\"WebPage\",\"@id\":\"https:\\\/\\\/floridaglobal.university\\\/es\\\/licencia\\\/\",\"url\":\"https:\\\/\\\/floridaglobal.university\\\/es\\\/licencia\\\/\",\"name\":\"LICENCIAS - Florida Global University\",\"isPartOf\":{\"@id\":\"https:\\\/\\\/floridaglobal.university\\\/es\\\/#website\"},\"primaryImageOfPage\":{\"@id\":\"https:\\\/\\\/floridaglobal.university\\\/es\\\/licencia\\\/#primaryimage\"},\"image\":{\"@id\":\"https:\\\/\\\/floridaglobal.university\\\/es\\\/licencia\\\/#primaryimage\"},\"thumbnailUrl\":\"https:\\\/\\\/floridaglobal.university\\\/wp-content\\\/uploads\\\/2025\\\/09\\\/3180-2025-09-11-License.jpg\",\"datePublished\":\"2024-12-10T19:17:49+00:00\",\"dateModified\":\"2026-01-07T19:56:53+00:00\",\"breadcrumb\":{\"@id\":\"https:\\\/\\\/floridaglobal.university\\\/es\\\/licencia\\\/#breadcrumb\"},\"inLanguage\":\"es\",\"potentialAction\":[{\"@type\":\"ReadAction\",\"target\":[\"https:\\\/\\\/floridaglobal.university\\\/es\\\/licencia\\\/\"]}]},{\"@type\":\"ImageObject\",\"inLanguage\":\"es\",\"@id\":\"https:\\\/\\\/floridaglobal.university\\\/es\\\/licencia\\\/#primaryimage\",\"url\":\"https:\\\/\\\/floridaglobal.university\\\/wp-content\\\/uploads\\\/2025\\\/09\\\/3180-2025-09-11-License.jpg\",\"contentUrl\":\"https:\\\/\\\/floridaglobal.university\\\/wp-content\\\/uploads\\\/2025\\\/09\\\/3180-2025-09-11-License.jpg\"},{\"@type\":\"BreadcrumbList\",\"@id\":\"https:\\\/\\\/floridaglobal.university\\\/es\\\/licencia\\\/#breadcrumb\",\"itemListElement\":[{\"@type\":\"ListItem\",\"position\":1,\"name\":\"Portada\",\"item\":\"https:\\\/\\\/floridaglobal.university\\\/es\\\/\"},{\"@type\":\"ListItem\",\"position\":2,\"name\":\"LICENCIAS\"}]},{\"@type\":\"WebSite\",\"@id\":\"https:\\\/\\\/floridaglobal.university\\\/es\\\/#website\",\"url\":\"https:\\\/\\\/floridaglobal.university\\\/es\\\/\",\"name\":\"Florida Global University\",\"description\":\"\",\"publisher\":{\"@id\":\"https:\\\/\\\/floridaglobal.university\\\/es\\\/#organization\"},\"potentialAction\":[{\"@type\":\"SearchAction\",\"target\":{\"@type\":\"EntryPoint\",\"urlTemplate\":\"https:\\\/\\\/floridaglobal.university\\\/es\\\/?s={search_term_string}\"},\"query-input\":{\"@type\":\"PropertyValueSpecification\",\"valueRequired\":true,\"valueName\":\"search_term_string\"}}],\"inLanguage\":\"es\"},{\"@type\":\"Organization\",\"@id\":\"https:\\\/\\\/floridaglobal.university\\\/es\\\/#organization\",\"name\":\"Florida Global University\",\"url\":\"https:\\\/\\\/floridaglobal.university\\\/es\\\/\",\"logo\":{\"@type\":\"ImageObject\",\"inLanguage\":\"es\",\"@id\":\"https:\\\/\\\/floridaglobal.university\\\/es\\\/#\\\/schema\\\/logo\\\/image\\\/\",\"url\":\"https:\\\/\\\/floridaglobal.university\\\/wp-content\\\/uploads\\\/2025\\\/08\\\/logoFguBlanco.png\",\"contentUrl\":\"https:\\\/\\\/floridaglobal.university\\\/wp-content\\\/uploads\\\/2025\\\/08\\\/logoFguBlanco.png\",\"width\":2560,\"height\":845,\"caption\":\"Florida Global University\"},\"image\":{\"@id\":\"https:\\\/\\\/floridaglobal.university\\\/es\\\/#\\\/schema\\\/logo\\\/image\\\/\"}}]}<\/script>\n<!-- \/ Yoast SEO plugin. -->","yoast_head_json":{"title":"LICENCIAS - Florida Global University","robots":{"index":"index","follow":"follow","max-snippet":"max-snippet:-1","max-image-preview":"max-image-preview:large","max-video-preview":"max-video-preview:-1"},"canonical":"https:\/\/floridaglobal.university\/es\/licencia\/","og_locale":"es_ES","og_type":"article","og_title":"LICENCIAS - Florida Global University","og_description":"Licencia Oficial Para consultas sobre detalles y legalidad de la Licencia #3180 que faculta a FGU para otorgar t\u00edtulos profesionales oficiales de Licenciaturas, Maestr\u00edas y Doctorados en los Estados Unidos; puede establecer contacto con la Commission for Independent Education del Departamento de Educacion de la Florida: 325 West Gaines Street, Suite 1414, Tallahassee, FL 32399. [&hellip;]","og_url":"https:\/\/floridaglobal.university\/es\/licencia\/","og_site_name":"Florida Global University","article_modified_time":"2026-01-07T19:56:53+00:00","og_image":[{"width":2200,"height":1700,"url":"https:\/\/floridaglobal.university\/wp-content\/uploads\/2025\/09\/3180-2025-09-11-License.jpg","type":"image\/jpeg"}],"twitter_card":"summary_large_image","twitter_misc":{"Tiempo de lectura":"2 minutos"},"schema":{"@context":"https:\/\/schema.org","@graph":[{"@type":"WebPage","@id":"https:\/\/floridaglobal.university\/es\/licencia\/","url":"https:\/\/floridaglobal.university\/es\/licencia\/","name":"LICENCIAS - Florida Global University","isPartOf":{"@id":"https:\/\/floridaglobal.university\/es\/#website"},"primaryImageOfPage":{"@id":"https:\/\/floridaglobal.university\/es\/licencia\/#primaryimage"},"image":{"@id":"https:\/\/floridaglobal.university\/es\/licencia\/#primaryimage"},"thumbnailUrl":"https:\/\/floridaglobal.university\/wp-content\/uploads\/2025\/09\/3180-2025-09-11-License.jpg","datePublished":"2024-12-10T19:17:49+00:00","dateModified":"2026-01-07T19:56:53+00:00","breadcrumb":{"@id":"https:\/\/floridaglobal.university\/es\/licencia\/#breadcrumb"},"inLanguage":"es","potentialAction":[{"@type":"ReadAction","target":["https:\/\/floridaglobal.university\/es\/licencia\/"]}]},{"@type":"ImageObject","inLanguage":"es","@id":"https:\/\/floridaglobal.university\/es\/licencia\/#primaryimage","url":"https:\/\/floridaglobal.university\/wp-content\/uploads\/2025\/09\/3180-2025-09-11-License.jpg","contentUrl":"https:\/\/floridaglobal.university\/wp-content\/uploads\/2025\/09\/3180-2025-09-11-License.jpg"},{"@type":"BreadcrumbList","@id":"https:\/\/floridaglobal.university\/es\/licencia\/#breadcrumb","itemListElement":[{"@type":"ListItem","position":1,"name":"Portada","item":"https:\/\/floridaglobal.university\/es\/"},{"@type":"ListItem","position":2,"name":"LICENCIAS"}]},{"@type":"WebSite","@id":"https:\/\/floridaglobal.university\/es\/#website","url":"https:\/\/floridaglobal.university\/es\/","name":"Florida Global University","description":"","publisher":{"@id":"https:\/\/floridaglobal.university\/es\/#organization"},"potentialAction":[{"@type":"SearchAction","target":{"@type":"EntryPoint","urlTemplate":"https:\/\/floridaglobal.university\/es\/?s={search_term_string}"},"query-input":{"@type":"PropertyValueSpecification","valueRequired":true,"valueName":"search_term_string"}}],"inLanguage":"es"},{"@type":"Organization","@id":"https:\/\/floridaglobal.university\/es\/#organization","name":"Florida Global University","url":"https:\/\/floridaglobal.university\/es\/","logo":{"@type":"ImageObject","inLanguage":"es","@id":"https:\/\/floridaglobal.university\/es\/#\/schema\/logo\/image\/","url":"https:\/\/floridaglobal.university\/wp-content\/uploads\/2025\/08\/logoFguBlanco.png","contentUrl":"https:\/\/floridaglobal.university\/wp-content\/uploads\/2025\/08\/logoFguBlanco.png","width":2560,"height":845,"caption":"Florida Global University"},"image":{"@id":"https:\/\/floridaglobal.university\/es\/#\/schema\/logo\/image\/"}}]}},"_links":{"self":[{"href":"https:\/\/floridaglobal.university\/es\/wp-json\/wp\/v2\/pages\/1317","targetHints":{"allow":["GET"]}}],"collection":[{"href":"https:\/\/floridaglobal.university\/es\/wp-json\/wp\/v2\/pages"}],"about":[{"href":"https:\/\/floridaglobal.university\/es\/wp-json\/wp\/v2\/types\/page"}],"author":[{"embeddable":true,"href":"https:\/\/floridaglobal.university\/es\/wp-json\/wp\/v2\/users\/2"}],"replies":[{"embeddable":true,"href":"https:\/\/floridaglobal.university\/es\/wp-json\/wp\/v2\/comments?post=1317"}],"version-history":[{"count":10,"href":"https:\/\/floridaglobal.university\/es\/wp-json\/wp\/v2\/pages\/1317\/revisions"}],"predecessor-version":[{"id":4407,"href":"https:\/\/floridaglobal.university\/es\/wp-json\/wp\/v2\/pages\/1317\/revisions\/4407"}],"wp:attachment":[{"href":"https:\/\/floridaglobal.university\/es\/wp-json\/wp\/v2\/media?parent=1317"}],"curies":[{"name":"wp","href":"https:\/\/api.w.org\/{rel}","templated":true}]}}