{"id":3176,"date":"2025-05-06T18:37:27","date_gmt":"2025-05-06T18:37:27","guid":{"rendered":"https:\/\/floridaglobal.university\/?page_id=3176"},"modified":"2025-05-07T19:21:58","modified_gmt":"2025-05-07T19:21:58","slug":"terminos-y-condiciones","status":"publish","type":"page","link":"https:\/\/floridaglobal.university\/es\/terminos-y-condiciones\/","title":{"rendered":"T\u00e9rminos y Condiciones de Florida Global University (FGU)"},"content":{"rendered":"<style>.elementor-3176 .elementor-element.elementor-element-44a6336{--display:flex;}<\/style>\t\t<div data-elementor-type=\"wp-page\" data-elementor-id=\"3176\" class=\"elementor elementor-3176\" data-elementor-post-type=\"page\">\n\t\t\t\t<div class=\"elementor-element elementor-element-44a6336 e-flex e-con-boxed e-con e-parent\" data-id=\"44a6336\" data-element_type=\"container\" data-e-type=\"container\">\n\t\t\t\t\t<div class=\"e-con-inner\">\n\t\t\t\t<div class=\"elementor-element elementor-element-b908dff elementor-widget elementor-widget-text-editor\" data-id=\"b908dff\" data-element_type=\"widget\" data-e-type=\"widget\" data-widget_type=\"text-editor.default\">\n\t\t\t\t<div class=\"elementor-widget-container\">\n\t\t\t\t\t\t\t\t\t<p><strong>T\u00e9rminos Generales<\/strong><\/p><p>\u00a0<\/p><p>El uso de los servicios de educaci\u00f3n de Florida Global University (en adelante \u201cFGU\u201d) constituye la aceptaci\u00f3n de los T\u00e9rminos y Condiciones (en adelante los \u201cT\u00e9rminos\u201d).<\/p><p>\u00a0<\/p><p>A su exclusivo criterio, FGU se reserva el derecho de revisar los T\u00e9rminos en cualquier momento. Las revisiones de los T\u00e9rminos entrar\u00e1n en vigencia de inmediato tras su publicaci\u00f3n. En el caso de cambios sustanciales en los T\u00e9rminos, FGU tomar\u00e1 las medidas razonables para notificar a los estudiantes. En todo caso, seguir usando los servicios tras la publicaci\u00f3n de dichos cambios, con o sin notificaci\u00f3n previa, constituye la aceptaci\u00f3n vinculante de los T\u00e9rminos revisados.\u00a0 \u00a0<\/p><p>\u00a0<\/p><p><strong>T\u00e9rminos sobre Contenido\u00a0 \u00a0<\/strong><\/p><p><strong>\u00a0<\/strong><\/p><p>FGU se reserva el derecho de ajustar en cualquier momento el plan de estudio de los programas ofrecidos en espa\u00f1ol totalmente en l\u00ednea. FGU informar\u00e1 a los estudiantes acerca de los cambios que se realicen y especificar\u00e1 el curr\u00edculo alternativo, si es necesario.\u00a0 \u00a0<\/p><p>\u00a0<\/p><p><strong>Pol\u00edticas Administrativas<\/strong><\/p><p><strong>\u00a0<\/strong><\/p><p><strong>Per\u00edodo de Agregar\/Retirar:<\/strong><\/p><p>Los estudiantes solo pueden agregar o dar de baja cursos registrados durante la primera semana de clases de un per\u00edodo acad\u00e9mico de ocho semanas. Esto se conoce como el per\u00edodo de \u00abagregar\/retirar\u00bb y finaliza a la medianoche del octavo d\u00eda de cada per\u00edodo acad\u00e9mico.<\/p><p>\u00a0<\/p><p>Dentro de este per\u00edodo, los estudiantes pueden retirarse de cualquier clase en la que est\u00e9n registrados.\u00a0 \u00a0<\/p><p>\u00a0<\/p><p>Adem\u00e1s, el retiro durante el per\u00edodo de \u00abagregar\/retirar\u00bb no dar\u00e1 como resultado que se emita una calificaci\u00f3n y no afectar\u00e1 el GPA o SAP del estudiante.\u00a0 \u00a0<\/p><p>\u00a0<\/p><p><strong>Retiro de Cursos:<\/strong><\/p><p><strong>\u00a0<\/strong><\/p><p>Si un estudiante se da de baja despu\u00e9s de que haya finalizado el per\u00edodo de agregar\/retirar, pero antes del final de la sexta (6a) semana de clases, se le asignar\u00e1 una calificaci\u00f3n de \u00abW\u00bb en ese curso. Este retiro no afectar\u00e1 el GPA del estudiante, pero se contar\u00e1 para los c\u00e1lculos de SAP.<\/p><p>\u00a0<\/p><p>Un estudiante que no cumpla con el procedimiento de baja se considerar\u00e1 que ha reprobado ese curso y se le asignar\u00e1 una calificaci\u00f3n de \u00abF\u00bb, que afectar\u00e1 tanto el c\u00f3mputo del GPA como del SAP.\u00a0 \u00a0<\/p><p>\u00a0<\/p><p><strong>Retiro Administrativo de Cursos:<\/strong><\/p><p><strong>\u00a0<\/strong><\/p><p>FGU se reserva el derecho de retirar cursos de los ofrecidos en un t\u00e9rmino acad\u00e9mico particular de ocho semanas por no cumplir con el m\u00ednimo establecido en un curso en particular o por circunstancias inesperadas.<\/p><p>\u00a0<\/p><p>Si los estudiantes se dan de baja de los cursos como resultado del ajuste de la administraci\u00f3n, se otorgar\u00e1 un reembolso de acuerdo con la pol\u00edtica de reembolso de FGU.\u00a0 \u00a0<\/p><p>\u00a0<\/p><p><strong>Retiro de Matr\u00edcula<\/strong><\/p><p><strong>\u00a0<\/strong><\/p><p>Se espera que todo estudiante que decida retirarse total y oficialmente de FGU notifique a la Oficina de Registros, por escrito, antes o inmediatamente despu\u00e9s de la fecha de retiro de clases. El incumplimiento de este procedimiento puede causar que el estudiante reciba calificaciones innecesariamente. Si corresponde, la matr\u00edcula se reembolsar\u00e1 de acuerdo con la pol\u00edtica de reembolso.\u00a0 \u00a0<\/p><p>\u00a0<\/p><p><strong>T\u00e9rminos de Pago<\/strong><\/p><p><strong>\u00a0<\/strong><\/p><p>FGU est\u00e1 licenciada por la Comisi\u00f3n para la Educaci\u00f3n Independiente del Departamento de Educaci\u00f3n de Florida \u2013 Estados Unidos, por lo que todos los precios que se muestran son en d\u00f3lares estadounidenses (USD).\u00a0 \u00a0<\/p><p>\u00a0<\/p><p><strong>Pol\u00edtica de Reembolso<\/strong><\/p><p><strong>\u00a0<\/strong><\/p><p>En caso de que el estudiante sea expulsado o cancele voluntariamente su matr\u00edcula o se d\u00e9 de baja por cualquier motivo, el estudiante podr\u00e1 tener derecho al reembolso prorrateado calculado sobre el n\u00famero de horas completadas hasta el total de horas del programa. El reembolso prorrateado se realiza de acuerdo con la tabla a continuaci\u00f3n.\u00a0\u00a0<\/p><p>\u00a0<\/p><p><strong>Tabla de Reembolso<\/strong><\/p><p><strong>\u00a0<\/strong><\/p><p>Antes del final de la 1ra semana | 100% |<\/p><p>En cualquier momento durante la 2da semana | 80% |<\/p><p>En cualquier momento durante la 3ra semana | 60% |<\/p><p>En cualquier momento durante la 4ta semana | 40% |<\/p><p>En cualquier momento durante la 5ta semana | 20% |<\/p><p>En cualquier momento despu\u00e9s del inicio de la 6ta semana | 0% |\u00a0<\/p><p>\u00a0<\/p><p><strong>Descargos de Responsabilidad<\/strong><\/p><p><strong>\u00a0<\/strong><\/p><p>El acceso al sitio y al contenido y su uso son exclusivos para el estudiante a efectos de desarrollo acad\u00e9mico \u00fanicamente. FGU no tendr\u00e1 responsabilidad alguna por el uso de parte de terceros o el uso fuera del alcance del presente.<\/p><p>\u00a0<\/p><p>FGU se reserva el derecho de sugerir sitios, sitios secundarios o material fuera del sitio de FGU en la medida en que sean de inter\u00e9s para los estudiantes. FGU no es responsable de ninguna manera por dichos sitios y materiales, como tampoco por acciones de los estudiantes al acceder a los mismos.\u00a0<\/p><p>\u00a0<\/p><p>Puede revisar en nuestro Cat\u00e1logo Oficial en <a href=\"http:\/\/www.floridaglobal.university\">www.floridaglobal.university<\/a> para m\u00e1s detalles.<\/p>\t\t\t\t\t\t\t\t<\/div>\n\t\t\t\t<\/div>\n\t\t\t\t\t<\/div>\n\t\t\t\t<\/div>\n\t\t\t\t<\/div>\n\t\t","protected":false},"excerpt":{"rendered":"<p>T\u00e9rminos Generales \u00a0 El uso de los servicios de educaci\u00f3n de Florida Global University (en adelante \u201cFGU\u201d) constituye la aceptaci\u00f3n de los T\u00e9rminos y Condiciones (en adelante los \u201cT\u00e9rminos\u201d). \u00a0 A su exclusivo criterio, FGU se reserva el derecho de revisar los T\u00e9rminos en cualquier momento. Las revisiones de los T\u00e9rminos entrar\u00e1n en vigencia de [&hellip;]<\/p>\n","protected":false},"author":1,"featured_media":0,"parent":0,"menu_order":0,"comment_status":"closed","ping_status":"closed","template":"","meta":{"footnotes":""},"class_list":["post-3176","page","type-page","status-publish","hentry"],"yoast_head":"<!-- This site is optimized with the Yoast SEO plugin v27.2 - https:\/\/yoast.com\/product\/yoast-seo-wordpress\/ -->\n<title>T\u00e9rminos y Condiciones de Florida Global University (FGU) - Florida Global University<\/title>\n<meta name=\"robots\" content=\"index, follow, max-snippet:-1, max-image-preview:large, max-video-preview:-1\" \/>\n<link rel=\"canonical\" href=\"https:\/\/floridaglobal.university\/es\/terminos-y-condiciones\/\" \/>\n<meta property=\"og:locale\" content=\"es_ES\" \/>\n<meta property=\"og:type\" content=\"article\" \/>\n<meta property=\"og:title\" content=\"T\u00e9rminos y Condiciones de Florida Global University (FGU) - Florida Global University\" \/>\n<meta property=\"og:description\" content=\"T\u00e9rminos Generales \u00a0 El uso de los servicios de educaci\u00f3n de Florida Global University (en adelante \u201cFGU\u201d) constituye la aceptaci\u00f3n de los T\u00e9rminos y Condiciones (en adelante los \u201cT\u00e9rminos\u201d). \u00a0 A su exclusivo criterio, FGU se reserva el derecho de revisar los T\u00e9rminos en cualquier momento. Las revisiones de los T\u00e9rminos entrar\u00e1n en vigencia de [&hellip;]\" \/>\n<meta property=\"og:url\" content=\"https:\/\/floridaglobal.university\/es\/terminos-y-condiciones\/\" \/>\n<meta property=\"og:site_name\" content=\"Florida Global University\" \/>\n<meta property=\"article:modified_time\" content=\"2025-05-07T19:21:58+00:00\" \/>\n<meta name=\"twitter:card\" content=\"summary_large_image\" \/>\n<meta name=\"twitter:label1\" content=\"Tiempo de lectura\" \/>\n\t<meta name=\"twitter:data1\" content=\"4 minutos\" \/>\n<script type=\"application\/ld+json\" class=\"yoast-schema-graph\">{\"@context\":\"https:\/\/schema.org\",\"@graph\":[{\"@type\":\"WebPage\",\"@id\":\"https:\/\/floridaglobal.university\/es\/terminos-y-condiciones\/\",\"url\":\"https:\/\/floridaglobal.university\/es\/terminos-y-condiciones\/\",\"name\":\"T\u00e9rminos y Condiciones de Florida Global University (FGU) - Florida Global University\",\"isPartOf\":{\"@id\":\"https:\/\/floridaglobal.university\/es\/#website\"},\"datePublished\":\"2025-05-06T18:37:27+00:00\",\"dateModified\":\"2025-05-07T19:21:58+00:00\",\"breadcrumb\":{\"@id\":\"https:\/\/floridaglobal.university\/es\/terminos-y-condiciones\/#breadcrumb\"},\"inLanguage\":\"es\",\"potentialAction\":[{\"@type\":\"ReadAction\",\"target\":[\"https:\/\/floridaglobal.university\/es\/terminos-y-condiciones\/\"]}]},{\"@type\":\"BreadcrumbList\",\"@id\":\"https:\/\/floridaglobal.university\/es\/terminos-y-condiciones\/#breadcrumb\",\"itemListElement\":[{\"@type\":\"ListItem\",\"position\":1,\"name\":\"Portada\",\"item\":\"https:\/\/floridaglobal.university\/es\/\"},{\"@type\":\"ListItem\",\"position\":2,\"name\":\"T\u00e9rminos y Condiciones de Florida Global University (FGU)\"}]},{\"@type\":\"WebSite\",\"@id\":\"https:\/\/floridaglobal.university\/es\/#website\",\"url\":\"https:\/\/floridaglobal.university\/es\/\",\"name\":\"Florida Global University\",\"description\":\"\",\"publisher\":{\"@id\":\"https:\/\/floridaglobal.university\/es\/#organization\"},\"potentialAction\":[{\"@type\":\"SearchAction\",\"target\":{\"@type\":\"EntryPoint\",\"urlTemplate\":\"https:\/\/floridaglobal.university\/es\/?s={search_term_string}\"},\"query-input\":{\"@type\":\"PropertyValueSpecification\",\"valueRequired\":true,\"valueName\":\"search_term_string\"}}],\"inLanguage\":\"es\"},{\"@type\":\"Organization\",\"@id\":\"https:\/\/floridaglobal.university\/es\/#organization\",\"name\":\"Florida Global University\",\"url\":\"https:\/\/floridaglobal.university\/es\/\",\"logo\":{\"@type\":\"ImageObject\",\"inLanguage\":\"es\",\"@id\":\"https:\/\/floridaglobal.university\/es\/#\/schema\/logo\/image\/\",\"url\":\"https:\/\/floridaglobal.university\/wp-content\/uploads\/2025\/08\/logoFguBlanco.png\",\"contentUrl\":\"https:\/\/floridaglobal.university\/wp-content\/uploads\/2025\/08\/logoFguBlanco.png\",\"width\":2560,\"height\":845,\"caption\":\"Florida Global University\"},\"image\":{\"@id\":\"https:\/\/floridaglobal.university\/es\/#\/schema\/logo\/image\/\"}}]}<\/script>\n<!-- \/ Yoast SEO plugin. -->","yoast_head_json":{"title":"T\u00e9rminos y Condiciones de Florida Global University (FGU) - Florida Global University","robots":{"index":"index","follow":"follow","max-snippet":"max-snippet:-1","max-image-preview":"max-image-preview:large","max-video-preview":"max-video-preview:-1"},"canonical":"https:\/\/floridaglobal.university\/es\/terminos-y-condiciones\/","og_locale":"es_ES","og_type":"article","og_title":"T\u00e9rminos y Condiciones de Florida Global University (FGU) - Florida Global University","og_description":"T\u00e9rminos Generales \u00a0 El uso de los servicios de educaci\u00f3n de Florida Global University (en adelante \u201cFGU\u201d) constituye la aceptaci\u00f3n de los T\u00e9rminos y Condiciones (en adelante los \u201cT\u00e9rminos\u201d). \u00a0 A su exclusivo criterio, FGU se reserva el derecho de revisar los T\u00e9rminos en cualquier momento. Las revisiones de los T\u00e9rminos entrar\u00e1n en vigencia de [&hellip;]","og_url":"https:\/\/floridaglobal.university\/es\/terminos-y-condiciones\/","og_site_name":"Florida Global University","article_modified_time":"2025-05-07T19:21:58+00:00","twitter_card":"summary_large_image","twitter_misc":{"Tiempo de lectura":"4 minutos"},"schema":{"@context":"https:\/\/schema.org","@graph":[{"@type":"WebPage","@id":"https:\/\/floridaglobal.university\/es\/terminos-y-condiciones\/","url":"https:\/\/floridaglobal.university\/es\/terminos-y-condiciones\/","name":"T\u00e9rminos y Condiciones de Florida Global University (FGU) - Florida Global University","isPartOf":{"@id":"https:\/\/floridaglobal.university\/es\/#website"},"datePublished":"2025-05-06T18:37:27+00:00","dateModified":"2025-05-07T19:21:58+00:00","breadcrumb":{"@id":"https:\/\/floridaglobal.university\/es\/terminos-y-condiciones\/#breadcrumb"},"inLanguage":"es","potentialAction":[{"@type":"ReadAction","target":["https:\/\/floridaglobal.university\/es\/terminos-y-condiciones\/"]}]},{"@type":"BreadcrumbList","@id":"https:\/\/floridaglobal.university\/es\/terminos-y-condiciones\/#breadcrumb","itemListElement":[{"@type":"ListItem","position":1,"name":"Portada","item":"https:\/\/floridaglobal.university\/es\/"},{"@type":"ListItem","position":2,"name":"T\u00e9rminos y Condiciones de Florida Global University (FGU)"}]},{"@type":"WebSite","@id":"https:\/\/floridaglobal.university\/es\/#website","url":"https:\/\/floridaglobal.university\/es\/","name":"Florida Global University","description":"","publisher":{"@id":"https:\/\/floridaglobal.university\/es\/#organization"},"potentialAction":[{"@type":"SearchAction","target":{"@type":"EntryPoint","urlTemplate":"https:\/\/floridaglobal.university\/es\/?s={search_term_string}"},"query-input":{"@type":"PropertyValueSpecification","valueRequired":true,"valueName":"search_term_string"}}],"inLanguage":"es"},{"@type":"Organization","@id":"https:\/\/floridaglobal.university\/es\/#organization","name":"Florida Global University","url":"https:\/\/floridaglobal.university\/es\/","logo":{"@type":"ImageObject","inLanguage":"es","@id":"https:\/\/floridaglobal.university\/es\/#\/schema\/logo\/image\/","url":"https:\/\/floridaglobal.university\/wp-content\/uploads\/2025\/08\/logoFguBlanco.png","contentUrl":"https:\/\/floridaglobal.university\/wp-content\/uploads\/2025\/08\/logoFguBlanco.png","width":2560,"height":845,"caption":"Florida Global University"},"image":{"@id":"https:\/\/floridaglobal.university\/es\/#\/schema\/logo\/image\/"}}]}},"_links":{"self":[{"href":"https:\/\/floridaglobal.university\/es\/wp-json\/wp\/v2\/pages\/3176","targetHints":{"allow":["GET"]}}],"collection":[{"href":"https:\/\/floridaglobal.university\/es\/wp-json\/wp\/v2\/pages"}],"about":[{"href":"https:\/\/floridaglobal.university\/es\/wp-json\/wp\/v2\/types\/page"}],"author":[{"embeddable":true,"href":"https:\/\/floridaglobal.university\/es\/wp-json\/wp\/v2\/users\/1"}],"replies":[{"embeddable":true,"href":"https:\/\/floridaglobal.university\/es\/wp-json\/wp\/v2\/comments?post=3176"}],"version-history":[{"count":10,"href":"https:\/\/floridaglobal.university\/es\/wp-json\/wp\/v2\/pages\/3176\/revisions"}],"predecessor-version":[{"id":3244,"href":"https:\/\/floridaglobal.university\/es\/wp-json\/wp\/v2\/pages\/3176\/revisions\/3244"}],"wp:attachment":[{"href":"https:\/\/floridaglobal.university\/es\/wp-json\/wp\/v2\/media?parent=3176"}],"curies":[{"name":"wp","href":"https:\/\/api.w.org\/{rel}","templated":true}]}}