{"id":4762,"date":"2025-05-06T18:37:27","date_gmt":"2025-05-06T18:37:27","guid":{"rendered":"https:\/\/floridaglobal.university\/termos-e-condicoes-da-florida-global-university-fgu\/"},"modified":"2026-03-21T18:03:14","modified_gmt":"2026-03-21T18:03:14","slug":"termos-e-condicoes-da-florida-global-university-fgu","status":"publish","type":"page","link":"https:\/\/floridaglobal.university\/pt-br\/termos-e-condicoes-da-florida-global-university-fgu\/","title":{"rendered":"Termos e Condi\u00e7\u00f5es da Florida Global University (FGU)"},"content":{"rendered":"<style>.elementor-4762 .elementor-element.elementor-element-44a6336{--display:flex;}<\/style>\t\t<div data-elementor-type=\"wp-page\" data-elementor-id=\"4762\" class=\"elementor elementor-4762 elementor-3729\" data-elementor-post-type=\"page\">\n\t\t\t\t<div class=\"elementor-element elementor-element-44a6336 e-flex e-con-boxed e-con e-parent\" data-id=\"44a6336\" data-element_type=\"container\" data-e-type=\"container\">\n\t\t\t\t\t<div class=\"e-con-inner\">\n\t\t\t\t<div class=\"elementor-element elementor-element-b908dff elementor-widget elementor-widget-text-editor\" data-id=\"b908dff\" data-element_type=\"widget\" data-e-type=\"widget\" data-widget_type=\"text-editor.default\">\n\t\t\t\t<div class=\"elementor-widget-container\">\n\t\t\t\t\t\t\t\t\t<p><strong>Termos gerais<\/strong><\/p><p> <\/p><p>O uso dos servi\u00e7os educacionais da Florida Global University (&#8220;FGU&#8221;) constitui aceita\u00e7\u00e3o dos Termos e Condi\u00e7\u00f5es (&#8220;Termos&#8221;).<\/p><p> <\/p><p>A seu crit\u00e9rio exclusivo, a FGU reserva-se o direito de revisar os Termos a qualquer momento. Revis\u00f5es nos Termos ser\u00e3o efetivas imediatamente ap\u00f3s a publica\u00e7\u00e3o. Em caso de altera\u00e7\u00f5es significativas nos Termos, a FGU tomar\u00e1 medidas razo\u00e1veis para notificar os estudantes. De qualquer forma, o uso cont\u00ednuo dos Servi\u00e7os ap\u00f3s a publica\u00e7\u00e3o dessas mudan\u00e7as, com ou sem aviso pr\u00e9vio, constitui aceita\u00e7\u00e3o vinculativa dos Termos revisados.     <\/p><p> <\/p><p><strong>Termos de conte\u00fado  <\/strong><\/p><p><strong> <\/strong><\/p><p>A FGU reserva-se o direito de ajustar a qualquer momento o curr\u00edculo dos programas oferecidos totalmente online em espanhol. A FGU informar\u00e1 os alunos sobre as mudan\u00e7as a serem feitas e especificar\u00e1 o curr\u00edculo alternativo, se necess\u00e1rio.   <\/p><p> <\/p><p><strong>Pol\u00edticas Administrativas<\/strong><\/p><p><strong> <\/strong><\/p><p><strong>Per\u00edodo de Adicionar\/Remover:<\/strong><\/p><p>Os estudantes s\u00f3 podem adicionar ou desistir de disciplinas registradas durante a primeira semana de aulas de um per\u00edodo acad\u00eamico de oito semanas. Isso \u00e9 conhecido como per\u00edodo de &#8220;adicionar\/desistir&#8221; e termina \u00e0 meia-noite do oitavo dia de cada semestre letivo. <\/p><p> <\/p><p>Durante esse per\u00edodo, os alunos podem se retirar de qualquer disciplina na qual estejam matriculados.  <\/p><p> <\/p><p>Al\u00e9m disso, a desist\u00eancia durante o per\u00edodo de &#8220;adicionar\/desistir&#8221; n\u00e3o resultar\u00e1 na emiss\u00e3o de uma nota e n\u00e3o afetar\u00e1 o GPA ou SAP do estudante.  <\/p><p> <\/p><p><strong>Retiro do Curso:<\/strong><\/p><p><strong> <\/strong><\/p><p>Se um aluno desistir ap\u00f3s o t\u00e9rmino do per\u00edodo de adi\u00e7\u00e3o\/desist\u00eancia, mas antes do final da sexta (6\u00aa) semana de aulas, uma nota &#8220;W&#8221; ser\u00e1 atribu\u00edda nesse curso. Essa retirada n\u00e3o afetar\u00e1 o GPA do estudante, mas ser\u00e1 contabilizada nos c\u00e1lculos do SAP. <\/p><p> <\/p><p>Um estudante que n\u00e3o cumprir o procedimento de desist\u00eancia ser\u00e1 considerado como tendo reprovado naquela disciplina e receber\u00e1 uma nota &#8220;F&#8221;, o que afetar\u00e1 tanto o GPA quanto o c\u00e1lculo do SAP.  <\/p><p> <\/p><p><strong>Retirada Administrativa de Cursos:<\/strong><\/p><p><strong> <\/strong><\/p><p>A FGU reserva-se o direito de retirar cursos daqueles oferecidos em um determinado per\u00edodo acad\u00eamico de oito semanas por n\u00e3o atingir o m\u00ednimo estabelecido em determinado curso ou por circunst\u00e2ncias inesperadas.<\/p><p> <\/p><p>Se os estudantes desistirem dos cursos devido ao ajuste da administra\u00e7\u00e3o, um reembolso ser\u00e1 concedido de acordo com a pol\u00edtica de reembolso da FGU.  <\/p><p> <\/p><p><strong>Retirada do Registro<\/strong><\/p><p><strong> <\/strong><\/p><p>Qualquer estudante que decidir se retirar completamente e oficialmente da FGU deve notificar o Escrit\u00f3rio do Registro por Registro por escrito antes ou imediatamente ap\u00f3s a data de desist\u00eancia das aulas. O n\u00e3o cumprimento desse procedimento pode fazer com que o aluno receba notas desnecessariamente. Se aplic\u00e1vel, a mensalidade ser\u00e1 reembolsada de acordo com a pol\u00edtica de reembolso.    <\/p><p> <\/p><p><strong>Termos de Pagamento<\/strong><\/p><p><strong> <\/strong><\/p><p>A FGU \u00e9 licenciada pela Comiss\u00e3o de Educa\u00e7\u00e3o Independente do Departamento de Educa\u00e7\u00e3o da Fl\u00f3rida &#8211; Estados Unidos, ent\u00e3o todos os pre\u00e7os exibidos est\u00e3o em d\u00f3lares americanos (USD).  <\/p><p> <\/p><p><strong>Pol\u00edtica de Reembolso<\/strong><\/p><p><strong> <\/strong><\/p><p>Caso o estudante seja expulso, cancele voluntariamente sua matr\u00edcula ou desista por qualquer motivo, ele pode ter direito a um reembolso proporcional calculado sobre o n\u00famero de horas conclu\u00eddas at\u00e9 o total de horas do programa. O reembolso proporcional \u00e9 feito de acordo com a tabela abaixo.   <\/p><p> <\/p><p><strong>Tabela de Reembolso<\/strong><\/p><p><strong> <\/strong><\/p><p>Antes do fim da 1\u00aa semana: 100%: 100% Antes do fim da 1\u00aa semana: 100% Antes do fim da 1\u00aa semana: 100% Antes do fim da 1\u00aa semana: 100%<\/p><p>A qualquer momento durante a segunda semana | 80% | 80% |<\/p><p>Em qualquer momento durante a 3\u00aa semana: 60%: 60%: 60%: Em qualquer momento durante a 3\u00aa semana: 60%: Em qualquer momento durante a 3\u00aa semana: 60%: Em qualquer momento durante a 3\u00aa semana.<\/p><p>A qualquer momento durante a 4\u00aa semana | 40% | 40% | 40% A qualquer momento durante a 4\u00aa semana | 40% |<\/p><p>Em qualquer momento durante a 5\u00aa semana: 20%: 20%: 20%: Em qualquer momento durante a 5\u00aa semana: 20%: Em qualquer momento durante a 5\u00aa semana: 20%: Em qualquer momento durante a 5\u00aa semana.<\/p><p>A qualquer momento ap\u00f3s o in\u00edcio da 6\u00aa semana | 0% |  <\/p><p> <\/p><p><strong>Isen\u00e7\u00e3o de responsabilidade<\/strong><\/p><p><strong> <\/strong><\/p><p>O acesso e uso do site e do conte\u00fado s\u00e3o exclusivos do estudante apenas para fins de desenvolvimento acad\u00eamico. A FGU n\u00e3o ter\u00e1 responsabilidade por uso por terceiros ou por uso fora do escopo daqui. <\/p><p> <\/p><p>A FGU reserva-se o direito de sugerir locais, locais secund\u00e1rios ou material fora do local da FGU na medida em que sejam de interesse para os estudantes. A FGU n\u00e3o se responsabiliza de forma alguma por tais locais e materiais, nem pelas a\u00e7\u00f5es dos estudantes ao acess\u00e1-los.   <\/p><p> <\/p><p>Voc\u00ea pode consultar nosso Cat\u00e1logo Oficial em <a href=\"http:\/\/www.floridaglobal.university\">www.floridaglobal.university<\/a> para mais detalhes.<\/p>\t\t\t\t\t\t\t\t<\/div>\n\t\t\t\t<\/div>\n\t\t\t\t\t<\/div>\n\t\t\t\t<\/div>\n\t\t\t\t<\/div>\n\t\t","protected":false},"excerpt":{"rendered":"<p>Termos gerais O uso dos servi\u00e7os educacionais da Florida Global University (&#8220;FGU&#8221;) constitui aceita\u00e7\u00e3o dos Termos e Condi\u00e7\u00f5es (&#8220;Termos&#8221;). A seu crit\u00e9rio exclusivo, a FGU reserva-se o direito de revisar os Termos a qualquer momento. Revis\u00f5es nos Termos ser\u00e3o efetivas imediatamente ap\u00f3s a publica\u00e7\u00e3o. Em caso de altera\u00e7\u00f5es significativas nos Termos, a FGU tomar\u00e1 medidas [&hellip;]<\/p>\n","protected":false},"author":1,"featured_media":0,"parent":0,"menu_order":0,"comment_status":"closed","ping_status":"closed","template":"","meta":{"footnotes":""},"class_list":["post-4762","page","type-page","status-publish","hentry"],"yoast_head":"<!-- This site is optimized with the Yoast SEO plugin v27.2 - https:\/\/yoast.com\/product\/yoast-seo-wordpress\/ -->\n<title>Termos e Condi\u00e7\u00f5es da Florida Global University (FGU) - Florida Global University<\/title>\n<meta name=\"robots\" content=\"index, follow, max-snippet:-1, max-image-preview:large, max-video-preview:-1\" \/>\n<link rel=\"canonical\" href=\"https:\/\/floridaglobal.university\/pt-br\/termos-e-condicoes-da-florida-global-university-fgu\/\" \/>\n<meta property=\"og:locale\" content=\"pt_BR\" \/>\n<meta property=\"og:type\" content=\"article\" \/>\n<meta property=\"og:title\" content=\"Termos e Condi\u00e7\u00f5es da Florida Global University (FGU) - Florida Global University\" \/>\n<meta property=\"og:description\" content=\"Termos gerais O uso dos servi\u00e7os educacionais da Florida Global University (&#8220;FGU&#8221;) constitui aceita\u00e7\u00e3o dos Termos e Condi\u00e7\u00f5es (&#8220;Termos&#8221;). A seu crit\u00e9rio exclusivo, a FGU reserva-se o direito de revisar os Termos a qualquer momento. Revis\u00f5es nos Termos ser\u00e3o efetivas imediatamente ap\u00f3s a publica\u00e7\u00e3o. Em caso de altera\u00e7\u00f5es significativas nos Termos, a FGU tomar\u00e1 medidas [&hellip;]\" \/>\n<meta property=\"og:url\" content=\"https:\/\/floridaglobal.university\/pt-br\/termos-e-condicoes-da-florida-global-university-fgu\/\" \/>\n<meta property=\"og:site_name\" content=\"Florida Global University\" \/>\n<meta property=\"article:modified_time\" content=\"2026-03-21T18:03:14+00:00\" \/>\n<meta name=\"twitter:card\" content=\"summary_large_image\" \/>\n<meta name=\"twitter:label1\" content=\"Est. tempo de leitura\" \/>\n\t<meta name=\"twitter:data1\" content=\"4 minutos\" \/>\n<script type=\"application\/ld+json\" class=\"yoast-schema-graph\">{\"@context\":\"https:\/\/schema.org\",\"@graph\":[{\"@type\":\"WebPage\",\"@id\":\"https:\/\/floridaglobal.university\/pt-br\/termos-e-condicoes-da-florida-global-university-fgu\/\",\"url\":\"https:\/\/floridaglobal.university\/pt-br\/termos-e-condicoes-da-florida-global-university-fgu\/\",\"name\":\"Termos e Condi\u00e7\u00f5es da Florida Global University (FGU) - Florida Global University\",\"isPartOf\":{\"@id\":\"https:\/\/floridaglobal.university\/pt-br\/#website\"},\"datePublished\":\"2025-05-06T18:37:27+00:00\",\"dateModified\":\"2026-03-21T18:03:14+00:00\",\"breadcrumb\":{\"@id\":\"https:\/\/floridaglobal.university\/pt-br\/termos-e-condicoes-da-florida-global-university-fgu\/#breadcrumb\"},\"inLanguage\":\"pt-BR\",\"potentialAction\":[{\"@type\":\"ReadAction\",\"target\":[\"https:\/\/floridaglobal.university\/pt-br\/termos-e-condicoes-da-florida-global-university-fgu\/\"]}]},{\"@type\":\"BreadcrumbList\",\"@id\":\"https:\/\/floridaglobal.university\/pt-br\/termos-e-condicoes-da-florida-global-university-fgu\/#breadcrumb\",\"itemListElement\":[{\"@type\":\"ListItem\",\"position\":1,\"name\":\"Portada\",\"item\":\"https:\/\/floridaglobal.university\/pt-br\/casa\/\"},{\"@type\":\"ListItem\",\"position\":2,\"name\":\"Termos e Condi\u00e7\u00f5es da Florida Global University (FGU)\"}]},{\"@type\":\"WebSite\",\"@id\":\"https:\/\/floridaglobal.university\/pt-br\/#website\",\"url\":\"https:\/\/floridaglobal.university\/pt-br\/\",\"name\":\"Florida Global University\",\"description\":\"\",\"potentialAction\":[{\"@type\":\"SearchAction\",\"target\":{\"@type\":\"EntryPoint\",\"urlTemplate\":\"https:\/\/floridaglobal.university\/pt-br\/?s={search_term_string}\"},\"query-input\":{\"@type\":\"PropertyValueSpecification\",\"valueRequired\":true,\"valueName\":\"search_term_string\"}}],\"inLanguage\":\"pt-BR\"}]}<\/script>\n<!-- \/ Yoast SEO plugin. -->","yoast_head_json":{"title":"Termos e Condi\u00e7\u00f5es da Florida Global University (FGU) - Florida Global University","robots":{"index":"index","follow":"follow","max-snippet":"max-snippet:-1","max-image-preview":"max-image-preview:large","max-video-preview":"max-video-preview:-1"},"canonical":"https:\/\/floridaglobal.university\/pt-br\/termos-e-condicoes-da-florida-global-university-fgu\/","og_locale":"pt_BR","og_type":"article","og_title":"Termos e Condi\u00e7\u00f5es da Florida Global University (FGU) - Florida Global University","og_description":"Termos gerais O uso dos servi\u00e7os educacionais da Florida Global University (&#8220;FGU&#8221;) constitui aceita\u00e7\u00e3o dos Termos e Condi\u00e7\u00f5es (&#8220;Termos&#8221;). A seu crit\u00e9rio exclusivo, a FGU reserva-se o direito de revisar os Termos a qualquer momento. Revis\u00f5es nos Termos ser\u00e3o efetivas imediatamente ap\u00f3s a publica\u00e7\u00e3o. Em caso de altera\u00e7\u00f5es significativas nos Termos, a FGU tomar\u00e1 medidas [&hellip;]","og_url":"https:\/\/floridaglobal.university\/pt-br\/termos-e-condicoes-da-florida-global-university-fgu\/","og_site_name":"Florida Global University","article_modified_time":"2026-03-21T18:03:14+00:00","twitter_card":"summary_large_image","twitter_misc":{"Est. tempo de leitura":"4 minutos"},"schema":{"@context":"https:\/\/schema.org","@graph":[{"@type":"WebPage","@id":"https:\/\/floridaglobal.university\/pt-br\/termos-e-condicoes-da-florida-global-university-fgu\/","url":"https:\/\/floridaglobal.university\/pt-br\/termos-e-condicoes-da-florida-global-university-fgu\/","name":"Termos e Condi\u00e7\u00f5es da Florida Global University (FGU) - Florida Global University","isPartOf":{"@id":"https:\/\/floridaglobal.university\/pt-br\/#website"},"datePublished":"2025-05-06T18:37:27+00:00","dateModified":"2026-03-21T18:03:14+00:00","breadcrumb":{"@id":"https:\/\/floridaglobal.university\/pt-br\/termos-e-condicoes-da-florida-global-university-fgu\/#breadcrumb"},"inLanguage":"pt-BR","potentialAction":[{"@type":"ReadAction","target":["https:\/\/floridaglobal.university\/pt-br\/termos-e-condicoes-da-florida-global-university-fgu\/"]}]},{"@type":"BreadcrumbList","@id":"https:\/\/floridaglobal.university\/pt-br\/termos-e-condicoes-da-florida-global-university-fgu\/#breadcrumb","itemListElement":[{"@type":"ListItem","position":1,"name":"Portada","item":"https:\/\/floridaglobal.university\/pt-br\/casa\/"},{"@type":"ListItem","position":2,"name":"Termos e Condi\u00e7\u00f5es da Florida Global University (FGU)"}]},{"@type":"WebSite","@id":"https:\/\/floridaglobal.university\/pt-br\/#website","url":"https:\/\/floridaglobal.university\/pt-br\/","name":"Florida Global University","description":"","potentialAction":[{"@type":"SearchAction","target":{"@type":"EntryPoint","urlTemplate":"https:\/\/floridaglobal.university\/pt-br\/?s={search_term_string}"},"query-input":{"@type":"PropertyValueSpecification","valueRequired":true,"valueName":"search_term_string"}}],"inLanguage":"pt-BR"}]}},"_links":{"self":[{"href":"https:\/\/floridaglobal.university\/pt-br\/wp-json\/wp\/v2\/pages\/4762","targetHints":{"allow":["GET"]}}],"collection":[{"href":"https:\/\/floridaglobal.university\/pt-br\/wp-json\/wp\/v2\/pages"}],"about":[{"href":"https:\/\/floridaglobal.university\/pt-br\/wp-json\/wp\/v2\/types\/page"}],"author":[{"embeddable":true,"href":"https:\/\/floridaglobal.university\/pt-br\/wp-json\/wp\/v2\/users\/1"}],"replies":[{"embeddable":true,"href":"https:\/\/floridaglobal.university\/pt-br\/wp-json\/wp\/v2\/comments?post=4762"}],"version-history":[{"count":1,"href":"https:\/\/floridaglobal.university\/pt-br\/wp-json\/wp\/v2\/pages\/4762\/revisions"}],"predecessor-version":[{"id":4766,"href":"https:\/\/floridaglobal.university\/pt-br\/wp-json\/wp\/v2\/pages\/4762\/revisions\/4766"}],"wp:attachment":[{"href":"https:\/\/floridaglobal.university\/pt-br\/wp-json\/wp\/v2\/media?parent=4762"}],"curies":[{"name":"wp","href":"https:\/\/api.w.org\/{rel}","templated":true}]}}