{"id":4954,"date":"2024-12-10T19:04:52","date_gmt":"2024-12-10T19:04:52","guid":{"rendered":"https:\/\/floridaglobal.university\/carta-do-presidente\/"},"modified":"2026-03-21T18:04:43","modified_gmt":"2026-03-21T18:04:43","slug":"carta-do-presidente","status":"publish","type":"page","link":"https:\/\/floridaglobal.university\/pt-br\/carta-do-presidente\/","title":{"rendered":"CARTA DO PRESIDENTE"},"content":{"rendered":"\t\t<div data-elementor-type=\"wp-page\" data-elementor-id=\"4954\" class=\"elementor elementor-4954 elementor-3803\" data-elementor-post-type=\"page\">\n\t\t\t\t<div class=\"elementor-element elementor-element-60094d0 e-con-full e-flex e-con e-parent\" data-id=\"60094d0\" data-element_type=\"container\" data-e-type=\"container\">\n\t\t<div class=\"elementor-element elementor-element-d703c4b e-con-full e-flex e-con e-child\" data-id=\"d703c4b\" data-element_type=\"container\" data-e-type=\"container\">\n\t\t\t\t<div class=\"elementor-element elementor-element-07cf5e4 elementor-widget elementor-widget-image\" data-id=\"07cf5e4\" data-element_type=\"widget\" data-e-type=\"widget\" data-widget_type=\"image.default\">\n\t\t\t\t<div class=\"elementor-widget-container\">\n\t\t\t\t\t\t\t\t\t\t\t\t\t\t\t<img fetchpriority=\"high\" decoding=\"async\" width=\"1882\" height=\"2265\" src=\"https:\/\/floridaglobal.university\/wp-content\/uploads\/2024\/12\/rector.png\" class=\"attachment-full size-full wp-image-4955\" alt=\"\" srcset=\"https:\/\/floridaglobal.university\/wp-content\/uploads\/2024\/12\/rector.png 1882w, https:\/\/floridaglobal.university\/wp-content\/uploads\/2024\/12\/rector-249x300.png 249w, https:\/\/floridaglobal.university\/wp-content\/uploads\/2024\/12\/rector-851x1024.png 851w, https:\/\/floridaglobal.university\/wp-content\/uploads\/2024\/12\/rector-768x924.png 768w, https:\/\/floridaglobal.university\/wp-content\/uploads\/2024\/12\/rector-1276x1536.png 1276w, https:\/\/floridaglobal.university\/wp-content\/uploads\/2024\/12\/rector-1702x2048.png 1702w\" sizes=\"(max-width: 1882px) 100vw, 1882px\" \/>\t\t\t\t\t\t\t\t\t\t\t\t\t\t\t<\/div>\n\t\t\t\t<\/div>\n\t\t\t\t<\/div>\n\t\t<div class=\"elementor-element elementor-element-88b6ba7 e-con-full e-flex e-con e-child\" data-id=\"88b6ba7\" data-element_type=\"container\" data-e-type=\"container\">\n\t\t\t\t<div class=\"elementor-element elementor-element-6710a3c elementor-widget elementor-widget-heading\" data-id=\"6710a3c\" data-element_type=\"widget\" data-e-type=\"widget\" data-widget_type=\"heading.default\">\n\t\t\t\t<div class=\"elementor-widget-container\">\n\t\t\t\t\t<h2 class=\"elementor-heading-title elementor-size-default\">UMA MENSAGEM DO PRESIDENTE<\/h2>\t\t\t\t<\/div>\n\t\t\t\t<\/div>\n\t\t\t\t<div class=\"elementor-element elementor-element-201d92d elementor-widget elementor-widget-heading\" data-id=\"201d92d\" data-element_type=\"widget\" data-e-type=\"widget\" data-widget_type=\"heading.default\">\n\t\t\t\t<div class=\"elementor-widget-container\">\n\t\t\t\t\t<h2 class=\"elementor-heading-title elementor-size-default\">Dr. Jos\u00e9 Gerardo\nGuarisma Jr.<\/h2>\t\t\t\t<\/div>\n\t\t\t\t<\/div>\n\t\t\t\t<div class=\"elementor-element elementor-element-52dd720 elementor-widget elementor-widget-text-editor\" data-id=\"52dd720\" data-element_type=\"widget\" data-e-type=\"widget\" data-widget_type=\"text-editor.default\">\n\t\t\t\t<div class=\"elementor-widget-container\">\n\t\t\t\t\t\t\t\t\t<p>\u00c9 um grande prazer que recebo voc\u00eas na Florida Global University (FGU). Nossa miss\u00e3o. Seu futuro.    <\/p><p>Nossa universidade tem a honra de nos escolher como uma op\u00e7\u00e3o para seu treinamento e desenvolvimento profissional, e estamos dispon\u00edveis para acompanh\u00e1-lo nesta excelente decis\u00e3o de investir em um futuro bem-sucedido.<\/p><p>A FGU foi fundada em 13 de agosto de 2004 como uma institui\u00e7\u00e3o de ensino superior 100% a dist\u00e2ncia nos Estados Unidos.<\/p><p>Nosso desenvolvimento curricular e plataforma tecnol\u00f3gica nos distinguem por vantagens comparativas e competitivas em rela\u00e7\u00e3o a outros sistemas educacionais.<\/p><p>Temos um corpo docente com p\u00f3s-gradua\u00e7\u00e3o e experi\u00eancia profissional, gerando atividades de treinamento interativas e atualizadas.<\/p><p>A FGU est\u00e1 em constante evolu\u00e7\u00e3o e prova disso \u00e9 nossa recente Acredita\u00e7\u00e3o Internacional pela ASIC do Reino Unido, que nos distingue como uma Institui\u00e7\u00e3o de Excel\u00eancia, alcan\u00e7ando a consolida\u00e7\u00e3o de uma cultura de modelos de qualidade e excel\u00eancia; de programa\u00e7\u00e3o e avalia\u00e7\u00e3o constantes que facilitam o trabalho de cuidar do n\u00facleo da nossa miss\u00e3o: a forma\u00e7\u00e3o integral de nossos alunos.<\/p><p>Como tem sido um lema de nossos fundadores e de vida&#8230; Nunca desista. Vamos continuar avan\u00e7ando no caminho da excel\u00eancia profissional.   <\/p>\t\t\t\t\t\t\t\t<\/div>\n\t\t\t\t<\/div>\n\t\t\t\t<div class=\"elementor-element elementor-element-b795b8e elementor-widget elementor-widget-image\" data-id=\"b795b8e\" data-element_type=\"widget\" data-e-type=\"widget\" data-widget_type=\"image.default\">\n\t\t\t\t<div class=\"elementor-widget-container\">\n\t\t\t\t\t\t\t\t\t\t\t\t\t\t\t<img decoding=\"async\" width=\"3193\" height=\"867\" src=\"https:\/\/floridaglobal.university\/wp-content\/uploads\/2024\/12\/firmar_rector.png\" class=\"attachment-full size-full wp-image-4956\" alt=\"\" srcset=\"https:\/\/floridaglobal.university\/wp-content\/uploads\/2024\/12\/firmar_rector.png 3193w, https:\/\/floridaglobal.university\/wp-content\/uploads\/2024\/12\/firmar_rector-300x81.png 300w, https:\/\/floridaglobal.university\/wp-content\/uploads\/2024\/12\/firmar_rector-1024x278.png 1024w, https:\/\/floridaglobal.university\/wp-content\/uploads\/2024\/12\/firmar_rector-768x209.png 768w, https:\/\/floridaglobal.university\/wp-content\/uploads\/2024\/12\/firmar_rector-1536x417.png 1536w, https:\/\/floridaglobal.university\/wp-content\/uploads\/2024\/12\/firmar_rector-2048x556.png 2048w\" sizes=\"(max-width: 3193px) 100vw, 3193px\" \/>\t\t\t\t\t\t\t\t\t\t\t\t\t\t\t<\/div>\n\t\t\t\t<\/div>\n\t\t\t\t<\/div>\n\t\t\t\t<\/div>\n\t\t\t\t<\/div>\n\t\t","protected":false},"excerpt":{"rendered":"<p>UMA MENSAGEM DO PRESIDENTE Dr. Jos\u00e9 Gerardo Guarisma Jr. \u00c9 um grande prazer que recebo voc\u00eas na Florida Global University (FGU). Nossa miss\u00e3o. Seu futuro. Nossa universidade tem a honra de nos escolher como uma op\u00e7\u00e3o para seu treinamento e desenvolvimento profissional, e estamos dispon\u00edveis para acompanh\u00e1-lo nesta excelente decis\u00e3o de investir em um futuro [&hellip;]<\/p>\n","protected":false},"author":2,"featured_media":0,"parent":0,"menu_order":0,"comment_status":"closed","ping_status":"closed","template":"elementor_header_footer","meta":{"footnotes":""},"class_list":["post-4954","page","type-page","status-publish","hentry"],"yoast_head":"<!-- This site is optimized with the Yoast SEO plugin v27.5 - https:\/\/yoast.com\/product\/yoast-seo-wordpress\/ -->\n<title>CARTA DO PRESIDENTE - Florida Global University<\/title>\n<meta name=\"robots\" content=\"index, follow, max-snippet:-1, max-image-preview:large, max-video-preview:-1\" \/>\n<link rel=\"canonical\" href=\"https:\/\/floridaglobal.university\/pt-br\/carta-do-presidente\/\" \/>\n<meta property=\"og:locale\" content=\"pt_BR\" \/>\n<meta property=\"og:type\" content=\"article\" \/>\n<meta property=\"og:title\" content=\"CARTA DO PRESIDENTE - Florida Global University\" \/>\n<meta property=\"og:description\" content=\"UMA MENSAGEM DO PRESIDENTE Dr. Jos\u00e9 Gerardo Guarisma Jr. \u00c9 um grande prazer que recebo voc\u00eas na Florida Global University (FGU). Nossa miss\u00e3o. Seu futuro. Nossa universidade tem a honra de nos escolher como uma op\u00e7\u00e3o para seu treinamento e desenvolvimento profissional, e estamos dispon\u00edveis para acompanh\u00e1-lo nesta excelente decis\u00e3o de investir em um futuro [&hellip;]\" \/>\n<meta property=\"og:url\" content=\"https:\/\/floridaglobal.university\/pt-br\/carta-do-presidente\/\" \/>\n<meta property=\"og:site_name\" content=\"Florida Global University\" \/>\n<meta property=\"article:modified_time\" content=\"2026-03-21T18:04:43+00:00\" \/>\n<meta property=\"og:image\" content=\"https:\/\/floridaglobal.university\/wp-content\/uploads\/2024\/12\/rector.png\" \/>\n\t<meta property=\"og:image:width\" content=\"1882\" \/>\n\t<meta property=\"og:image:height\" content=\"2265\" \/>\n\t<meta property=\"og:image:type\" content=\"image\/png\" \/>\n<meta name=\"twitter:card\" content=\"summary_large_image\" \/>\n<meta name=\"twitter:label1\" content=\"Est. tempo de leitura\" \/>\n\t<meta name=\"twitter:data1\" content=\"1 minuto\" \/>\n<script type=\"application\/ld+json\" class=\"yoast-schema-graph\">{\"@context\":\"https:\\\/\\\/schema.org\",\"@graph\":[{\"@type\":\"WebPage\",\"@id\":\"https:\\\/\\\/floridaglobal.university\\\/pt-br\\\/carta-do-presidente\\\/\",\"url\":\"https:\\\/\\\/floridaglobal.university\\\/pt-br\\\/carta-do-presidente\\\/\",\"name\":\"CARTA DO PRESIDENTE - Florida Global University\",\"isPartOf\":{\"@id\":\"https:\\\/\\\/floridaglobal.university\\\/pt-br\\\/#website\"},\"primaryImageOfPage\":{\"@id\":\"https:\\\/\\\/floridaglobal.university\\\/pt-br\\\/carta-do-presidente\\\/#primaryimage\"},\"image\":{\"@id\":\"https:\\\/\\\/floridaglobal.university\\\/pt-br\\\/carta-do-presidente\\\/#primaryimage\"},\"thumbnailUrl\":\"https:\\\/\\\/floridaglobal.university\\\/wp-content\\\/uploads\\\/2024\\\/12\\\/rector.png\",\"datePublished\":\"2024-12-10T19:04:52+00:00\",\"dateModified\":\"2026-03-21T18:04:43+00:00\",\"breadcrumb\":{\"@id\":\"https:\\\/\\\/floridaglobal.university\\\/pt-br\\\/carta-do-presidente\\\/#breadcrumb\"},\"inLanguage\":\"pt-BR\",\"potentialAction\":[{\"@type\":\"ReadAction\",\"target\":[\"https:\\\/\\\/floridaglobal.university\\\/pt-br\\\/carta-do-presidente\\\/\"]}]},{\"@type\":\"ImageObject\",\"inLanguage\":\"pt-BR\",\"@id\":\"https:\\\/\\\/floridaglobal.university\\\/pt-br\\\/carta-do-presidente\\\/#primaryimage\",\"url\":\"https:\\\/\\\/floridaglobal.university\\\/wp-content\\\/uploads\\\/2024\\\/12\\\/rector.png\",\"contentUrl\":\"https:\\\/\\\/floridaglobal.university\\\/wp-content\\\/uploads\\\/2024\\\/12\\\/rector.png\"},{\"@type\":\"BreadcrumbList\",\"@id\":\"https:\\\/\\\/floridaglobal.university\\\/pt-br\\\/carta-do-presidente\\\/#breadcrumb\",\"itemListElement\":[{\"@type\":\"ListItem\",\"position\":1,\"name\":\"Portada\",\"item\":\"https:\\\/\\\/floridaglobal.university\\\/pt-br\\\/casa\\\/\"},{\"@type\":\"ListItem\",\"position\":2,\"name\":\"CARTA DO PRESIDENTE\"}]},{\"@type\":\"WebSite\",\"@id\":\"https:\\\/\\\/floridaglobal.university\\\/pt-br\\\/#website\",\"url\":\"https:\\\/\\\/floridaglobal.university\\\/pt-br\\\/\",\"name\":\"Florida Global University\",\"description\":\"\",\"potentialAction\":[{\"@type\":\"SearchAction\",\"target\":{\"@type\":\"EntryPoint\",\"urlTemplate\":\"https:\\\/\\\/floridaglobal.university\\\/pt-br\\\/?s={search_term_string}\"},\"query-input\":{\"@type\":\"PropertyValueSpecification\",\"valueRequired\":true,\"valueName\":\"search_term_string\"}}],\"inLanguage\":\"pt-BR\"}]}<\/script>\n<!-- \/ Yoast SEO plugin. -->","yoast_head_json":{"title":"CARTA DO PRESIDENTE - Florida Global University","robots":{"index":"index","follow":"follow","max-snippet":"max-snippet:-1","max-image-preview":"max-image-preview:large","max-video-preview":"max-video-preview:-1"},"canonical":"https:\/\/floridaglobal.university\/pt-br\/carta-do-presidente\/","og_locale":"pt_BR","og_type":"article","og_title":"CARTA DO PRESIDENTE - Florida Global University","og_description":"UMA MENSAGEM DO PRESIDENTE Dr. Jos\u00e9 Gerardo Guarisma Jr. \u00c9 um grande prazer que recebo voc\u00eas na Florida Global University (FGU). Nossa miss\u00e3o. Seu futuro. Nossa universidade tem a honra de nos escolher como uma op\u00e7\u00e3o para seu treinamento e desenvolvimento profissional, e estamos dispon\u00edveis para acompanh\u00e1-lo nesta excelente decis\u00e3o de investir em um futuro [&hellip;]","og_url":"https:\/\/floridaglobal.university\/pt-br\/carta-do-presidente\/","og_site_name":"Florida Global University","article_modified_time":"2026-03-21T18:04:43+00:00","og_image":[{"width":1882,"height":2265,"url":"https:\/\/floridaglobal.university\/wp-content\/uploads\/2024\/12\/rector.png","type":"image\/png"}],"twitter_card":"summary_large_image","twitter_misc":{"Est. tempo de leitura":"1 minuto"},"schema":{"@context":"https:\/\/schema.org","@graph":[{"@type":"WebPage","@id":"https:\/\/floridaglobal.university\/pt-br\/carta-do-presidente\/","url":"https:\/\/floridaglobal.university\/pt-br\/carta-do-presidente\/","name":"CARTA DO PRESIDENTE - Florida Global University","isPartOf":{"@id":"https:\/\/floridaglobal.university\/pt-br\/#website"},"primaryImageOfPage":{"@id":"https:\/\/floridaglobal.university\/pt-br\/carta-do-presidente\/#primaryimage"},"image":{"@id":"https:\/\/floridaglobal.university\/pt-br\/carta-do-presidente\/#primaryimage"},"thumbnailUrl":"https:\/\/floridaglobal.university\/wp-content\/uploads\/2024\/12\/rector.png","datePublished":"2024-12-10T19:04:52+00:00","dateModified":"2026-03-21T18:04:43+00:00","breadcrumb":{"@id":"https:\/\/floridaglobal.university\/pt-br\/carta-do-presidente\/#breadcrumb"},"inLanguage":"pt-BR","potentialAction":[{"@type":"ReadAction","target":["https:\/\/floridaglobal.university\/pt-br\/carta-do-presidente\/"]}]},{"@type":"ImageObject","inLanguage":"pt-BR","@id":"https:\/\/floridaglobal.university\/pt-br\/carta-do-presidente\/#primaryimage","url":"https:\/\/floridaglobal.university\/wp-content\/uploads\/2024\/12\/rector.png","contentUrl":"https:\/\/floridaglobal.university\/wp-content\/uploads\/2024\/12\/rector.png"},{"@type":"BreadcrumbList","@id":"https:\/\/floridaglobal.university\/pt-br\/carta-do-presidente\/#breadcrumb","itemListElement":[{"@type":"ListItem","position":1,"name":"Portada","item":"https:\/\/floridaglobal.university\/pt-br\/casa\/"},{"@type":"ListItem","position":2,"name":"CARTA DO PRESIDENTE"}]},{"@type":"WebSite","@id":"https:\/\/floridaglobal.university\/pt-br\/#website","url":"https:\/\/floridaglobal.university\/pt-br\/","name":"Florida Global University","description":"","potentialAction":[{"@type":"SearchAction","target":{"@type":"EntryPoint","urlTemplate":"https:\/\/floridaglobal.university\/pt-br\/?s={search_term_string}"},"query-input":{"@type":"PropertyValueSpecification","valueRequired":true,"valueName":"search_term_string"}}],"inLanguage":"pt-BR"}]}},"_links":{"self":[{"href":"https:\/\/floridaglobal.university\/pt-br\/wp-json\/wp\/v2\/pages\/4954","targetHints":{"allow":["GET"]}}],"collection":[{"href":"https:\/\/floridaglobal.university\/pt-br\/wp-json\/wp\/v2\/pages"}],"about":[{"href":"https:\/\/floridaglobal.university\/pt-br\/wp-json\/wp\/v2\/types\/page"}],"author":[{"embeddable":true,"href":"https:\/\/floridaglobal.university\/pt-br\/wp-json\/wp\/v2\/users\/2"}],"replies":[{"embeddable":true,"href":"https:\/\/floridaglobal.university\/pt-br\/wp-json\/wp\/v2\/comments?post=4954"}],"version-history":[{"count":1,"href":"https:\/\/floridaglobal.university\/pt-br\/wp-json\/wp\/v2\/pages\/4954\/revisions"}],"predecessor-version":[{"id":4970,"href":"https:\/\/floridaglobal.university\/pt-br\/wp-json\/wp\/v2\/pages\/4954\/revisions\/4970"}],"wp:attachment":[{"href":"https:\/\/floridaglobal.university\/pt-br\/wp-json\/wp\/v2\/media?parent=4954"}],"curies":[{"name":"wp","href":"https:\/\/api.w.org\/{rel}","templated":true}]}}